{"id":23,"date":"2021-03-24T15:55:05","date_gmt":"2021-03-24T15:55:05","guid":{"rendered":"http:\/\/www.janettelaxen.fi\/?page_id=23"},"modified":"2024-12-29T10:09:38","modified_gmt":"2024-12-29T10:09:38","slug":"tilausohjeet","status":"publish","type":"page","link":"https:\/\/www.janettelaxen.fi\/Tilaa%20muotokuva%20itselle%20tai%20lahjaksi\/?page_id=23","title":{"rendered":"Tilausohjeet"},"content":{"rendered":"\n<ul class=\"wp-block-list\">\n<li>Yhteydenotto<\/li>\n\n\n\n<li>Mallikuva \/ aihe<\/li>\n\n\n\n<li>Koko<\/li>\n\n\n\n<li>tilauksen<strong> <\/strong>valmistuminen jonosta ja kuvan koosta riippuen 2 viikosta -> useampaan kuukauteen. Toimitusaika sovitaan jokaisen tilauksen yhteydess\u00e4.<\/li>\n\n\n\n<li>Julkaisen kuvia tekemist\u00e4ni piirustuksista sosiaalisessa mediassa sek\u00e4 kotisivuillani.  Jos et halua ty\u00f6t\u00e4 julkaistavan kerrothan siit\u00e4 tilausta tehdess\u00e4si tai viimeist\u00e4\u00e4n teoksen luovutuksen yhteydess\u00e4. <\/li>\n<\/ul>\n\n\n\n<p><strong>Mallikuva <\/strong>   Tilausta tehdess\u00e4si t\u00e4ytyy olla v\u00e4hint\u00e4\u00e4n yksi kuva haluamastasi henkil\u00f6st\u00e4\/aiheesta. Kuvia saa kuitenkin laittaa useampia, jos niit\u00e4 on. Joissain tapauksissa jos kuva on eritt\u00e4in ep\u00e4selv\u00e4 saatan joutua pyyt\u00e4m\u00e4\u00e4n lis\u00e4kuvia. My\u00f6s ajoneuvopiirroksien kohdalla lis\u00e4kuvat ovat usein tarpeen. Niiden kohdalla riitt\u00e4\u00e4 my\u00f6s usein se ett\u00e4 kertoo merkin ja mallin jolloin voin tarvittaessa etsiskell\u00e4 tarkentavia kuvia my\u00f6s itse. Voin my\u00f6s yhdistell\u00e4 useita kuvia, jos esim. halutaan useampi henkil\u00f6 samaan kuvaan. T\u00e4ll\u00f6inkin olisi hyv\u00e4 olla useita kuvia. Jos olet ep\u00e4varma kuvan soveltuvuudesta kysy minulta. Jos k\u00e4yt\u00e4t jonkun muun ottamaa kuvaa kysyth\u00e4n luvan kuvan k\u00e4ytt\u00f6\u00f6n.<\/p>\n\n\n\n<p> <strong>Hyv\u00e4 kuva<\/strong> on tarkka, jossa varsinkin <strong>silm\u00e4t<\/strong> ja niiden yksityiskohdat n\u00e4kyv\u00e4t hyvin. Silloin kun kuva on tarkka my\u00f6s piirros on tarkka. Pystyn tekem\u00e4\u00e4n my\u00f6s hieman ep\u00e4tarkemmista kuvista mutta piirroksen tarkkuus ei tietenk\u00e4\u00e4n yll\u00e4 silloin huipputasolle. Jos haluat tilata esim. maisemakuvan mutta sinulla ei ole kuvaa tai tietty\u00e4 paikkaa jonka haluat. Kerrothan tilausta tehdess\u00e4 aiheen ja v\u00e4rikuvissa v\u00e4rimaailman.<\/p>\n\n\n\n<p><strong>Koko <\/strong>  Mink\u00e4 kokoisena teoksen haluaisit?<\/p>\n\n\n\n<p>Lyijy-ja v\u00e4rikynill\u00e4 voin tehd\u00e4 l\u00e4hes mink\u00e4 kokoisia kuvia vain. Pastellit\u00f6ille on rajoitus 70&#215;100 sill\u00e4 k\u00e4ytt\u00e4m\u00e4\u00e4ni paperia ei saa isompana.<\/p>\n\n\n\n<p><strong>Ota yhteytt\u00e4<\/strong> s\u00e4hk\u00f6postilla. S\u00e4hk\u00f6postissa tulisi ilmet\u00e4 mink\u00e4lainen piirros\/maalaus sinulla olisi toiveissa. my\u00f6s toiveaikataulu. Liit\u00e4 mukaan my\u00f6s kuva\/kuvat joista piirroksen haluat. Jos on muita toiveita kuvaan liittyen, esim. kuvasta j\u00e4tet\u00e4\u00e4n jotain pois, lis\u00e4t\u00e4\u00e4n tai haluat taustan niin kerrothan t\u00e4m\u00e4n tilausta tehdess\u00e4si! Voin my\u00f6s halutessa kehystytt\u00e4\u00e4 ty\u00f6n kehyst\u00e4m\u00f6ss\u00e4. T\u00e4ll\u00f6in kehystyksen hinta lis\u00e4t\u00e4\u00e4n piirroksen hintaan. Kehystys my\u00f6s saattaa pident\u00e4\u00e4 toimitusaikaa. Sovitaan my\u00f6s teoksen valmistumisaika joka vaihtelee jonon mukaan. Aikaisintaan teoksen luovutus 2 viikkoa. Toimitus voi olla my\u00f6s useamman kuukauden mik\u00e4li teos on iso tai jonoa on paljon. \u00d6ljyv\u00e4rimaalauksissa toimitus aikaisintaan 3kk<\/p>\n\n\n\n<p><strong>Valmis teos <\/strong><\/p>\n\n\n\n<p>kun teos alkaa olemaan valmis. Laitan kuvan (v\u00e4rikuvissa useamman eri valaistuksissa) jolloin voidaan tehd\u00e4 viel\u00e4 pieni\u00e4 muutoksia kuvaan. Kun teos on hyv\u00e4ksytty. Sen saa joko noutaa Espoosta tai postitan hyvin pakattuna kun maksu n\u00e4kyy kokonaisuudessaan tilill\u00e4. <\/p>\n\n\n\n<div class=\"wp-block-buttons is-layout-flex wp-block-buttons-is-layout-flex\">\n<div class=\"wp-block-button\"><a class=\"wp-block-button__link wp-element-button\" href=\"https:\/\/www.janettelaxen.fi\/Tilaa%20muotokuva%20itselle%20tai%20lahjaksi\/?page_id=27\">Yhteydenotto<\/a><\/div>\n\n\n\n<div class=\"wp-block-button\"><a class=\"wp-block-button__link wp-element-button\" href=\"https:\/\/www.janettelaxen.fi\/Tilaa%20muotokuva%20itselle%20tai%20lahjaksi\/?page_id=1307\">Kuvagalleria<\/a><\/div>\n<\/div>\n","protected":false},"excerpt":{"rendered":"<p>Mallikuva Tilausta tehdess\u00e4si t\u00e4ytyy olla v\u00e4hint\u00e4\u00e4n yksi kuva haluamastasi henkil\u00f6st\u00e4\/aiheesta. Kuvia saa kuitenkin laittaa useampia, jos niit\u00e4 on. Joissain tapauksissa jos kuva on eritt\u00e4in ep\u00e4selv\u00e4 saatan joutua pyyt\u00e4m\u00e4\u00e4n lis\u00e4kuvia. My\u00f6s ajoneuvopiirroksien kohdalla lis\u00e4kuvat ovat usein tarpeen. Niiden kohdalla riitt\u00e4\u00e4 my\u00f6s usein se ett\u00e4 kertoo merkin ja mallin jolloin voin tarvittaessa etsiskell\u00e4 tarkentavia kuvia my\u00f6s itse.&hellip;&nbsp;<a href=\"https:\/\/www.janettelaxen.fi\/Tilaa%20muotokuva%20itselle%20tai%20lahjaksi\/?page_id=23\" rel=\"bookmark\">Lue lis\u00e4\u00e4 &raquo;<span class=\"screen-reader-text\">Tilausohjeet<\/span><\/a><\/p>\n","protected":false},"author":1,"featured_media":0,"parent":0,"menu_order":0,"comment_status":"closed","ping_status":"closed","template":"","meta":{"neve_meta_sidebar":"","neve_meta_container":"","neve_meta_enable_content_width":"","neve_meta_content_width":0,"neve_meta_title_alignment":"","neve_meta_author_avatar":"","neve_post_elements_order":"","neve_meta_disable_header":"","neve_meta_disable_footer":"","neve_meta_disable_title":"","_themeisle_gutenberg_block_has_review":false,"footnotes":""},"class_list":["post-23","page","type-page","status-publish","hentry"],"yoast_head":"<!-- This site is optimized with the Yoast SEO plugin v26.2 - https:\/\/yoast.com\/wordpress\/plugins\/seo\/ -->\n<title>Tilausohjeet - Art by Janette Laxen<\/title>\n<meta name=\"robots\" content=\"index, follow, max-snippet:-1, max-image-preview:large, max-video-preview:-1\" \/>\n<link rel=\"canonical\" href=\"https:\/\/www.janettelaxen.fi\/Tilaa%20muotokuva%20itselle%20tai%20lahjaksi\/?page_id=23\" \/>\n<meta property=\"og:locale\" content=\"fi_FI\" \/>\n<meta property=\"og:type\" content=\"article\" \/>\n<meta property=\"og:title\" content=\"Tilausohjeet - Art by Janette Laxen\" \/>\n<meta property=\"og:description\" content=\"Mallikuva Tilausta tehdess\u00e4si t\u00e4ytyy olla v\u00e4hint\u00e4\u00e4n yksi kuva haluamastasi henkil\u00f6st\u00e4\/aiheesta. Kuvia saa kuitenkin laittaa useampia, jos niit\u00e4 on. Joissain tapauksissa jos kuva on eritt\u00e4in ep\u00e4selv\u00e4 saatan joutua pyyt\u00e4m\u00e4\u00e4n lis\u00e4kuvia. My\u00f6s ajoneuvopiirroksien kohdalla lis\u00e4kuvat ovat usein tarpeen. Niiden kohdalla riitt\u00e4\u00e4 my\u00f6s usein se ett\u00e4 kertoo merkin ja mallin jolloin voin tarvittaessa etsiskell\u00e4 tarkentavia kuvia my\u00f6s itse.&hellip;&nbsp;Lue lis\u00e4\u00e4 &raquo;Tilausohjeet\" \/>\n<meta property=\"og:url\" content=\"https:\/\/www.janettelaxen.fi\/Tilaa muotokuva itselle tai lahjaksi\/?page_id=23\" \/>\n<meta property=\"og:site_name\" content=\"Art by Janette Laxen\" \/>\n<meta property=\"article:publisher\" content=\"https:\/\/m.facebook.com\/JanetteLaxen\/?ref=bookmarks\" \/>\n<meta property=\"article:modified_time\" content=\"2024-12-29T10:09:38+00:00\" \/>\n<meta name=\"twitter:card\" content=\"summary_large_image\" \/>\n<meta name=\"twitter:label1\" content=\"Arvioitu lukuaika\" \/>\n\t<meta name=\"twitter:data1\" content=\"3 minuuttia\" \/>\n<script type=\"application\/ld+json\" class=\"yoast-schema-graph\">{\"@context\":\"https:\/\/schema.org\",\"@graph\":[{\"@type\":\"WebPage\",\"@id\":\"https:\/\/www.janettelaxen.fi\/Tilaa%20muotokuva%20itselle%20tai%20lahjaksi\/?page_id=23\",\"url\":\"https:\/\/www.janettelaxen.fi\/Tilaa%20muotokuva%20itselle%20tai%20lahjaksi\/?page_id=23\",\"name\":\"Tilausohjeet - Art by Janette Laxen\",\"isPartOf\":{\"@id\":\"https:\/\/www.janettelaxen.fi\/Tilaa%20muotokuva%20itselle%20tai%20lahjaksi\/#website\"},\"datePublished\":\"2021-03-24T15:55:05+00:00\",\"dateModified\":\"2024-12-29T10:09:38+00:00\",\"breadcrumb\":{\"@id\":\"https:\/\/www.janettelaxen.fi\/Tilaa%20muotokuva%20itselle%20tai%20lahjaksi\/?page_id=23#breadcrumb\"},\"inLanguage\":\"fi\",\"potentialAction\":[{\"@type\":\"ReadAction\",\"target\":[\"https:\/\/www.janettelaxen.fi\/Tilaa%20muotokuva%20itselle%20tai%20lahjaksi\/?page_id=23\"]}]},{\"@type\":\"BreadcrumbList\",\"@id\":\"https:\/\/www.janettelaxen.fi\/Tilaa%20muotokuva%20itselle%20tai%20lahjaksi\/?page_id=23#breadcrumb\",\"itemListElement\":[{\"@type\":\"ListItem\",\"position\":1,\"name\":\"Etusivu\",\"item\":\"https:\/\/www.janettelaxen.fi\/Tilaa%20muotokuva%20itselle%20tai%20lahjaksi\/\"},{\"@type\":\"ListItem\",\"position\":2,\"name\":\"Tilausohjeet\"}]},{\"@type\":\"WebSite\",\"@id\":\"https:\/\/www.janettelaxen.fi\/Tilaa%20muotokuva%20itselle%20tai%20lahjaksi\/#website\",\"url\":\"https:\/\/www.janettelaxen.fi\/Tilaa%20muotokuva%20itselle%20tai%20lahjaksi\/\",\"name\":\"Art by Janette Laxen\",\"description\":\"\",\"publisher\":{\"@id\":\"https:\/\/www.janettelaxen.fi\/Tilaa%20muotokuva%20itselle%20tai%20lahjaksi\/#organization\"},\"potentialAction\":[{\"@type\":\"SearchAction\",\"target\":{\"@type\":\"EntryPoint\",\"urlTemplate\":\"https:\/\/www.janettelaxen.fi\/Tilaa%20muotokuva%20itselle%20tai%20lahjaksi\/?s={search_term_string}\"},\"query-input\":{\"@type\":\"PropertyValueSpecification\",\"valueRequired\":true,\"valueName\":\"search_term_string\"}}],\"inLanguage\":\"fi\"},{\"@type\":\"Organization\",\"@id\":\"https:\/\/www.janettelaxen.fi\/Tilaa%20muotokuva%20itselle%20tai%20lahjaksi\/#organization\",\"name\":\"Janette Laxen art\",\"url\":\"https:\/\/www.janettelaxen.fi\/Tilaa%20muotokuva%20itselle%20tai%20lahjaksi\/\",\"logo\":{\"@type\":\"ImageObject\",\"inLanguage\":\"fi\",\"@id\":\"https:\/\/www.janettelaxen.fi\/Tilaa%20muotokuva%20itselle%20tai%20lahjaksi\/#\/schema\/logo\/image\/\",\"url\":\"https:\/\/www.janettelaxen.fi\/wp-content\/uploads\/2021\/03\/121304486_117288050147335_9188714198852694627_o-e1616617409820.jpg\",\"contentUrl\":\"https:\/\/www.janettelaxen.fi\/wp-content\/uploads\/2021\/03\/121304486_117288050147335_9188714198852694627_o-e1616617409820.jpg\",\"width\":60,\"height\":61,\"caption\":\"Janette Laxen art\"},\"image\":{\"@id\":\"https:\/\/www.janettelaxen.fi\/Tilaa%20muotokuva%20itselle%20tai%20lahjaksi\/#\/schema\/logo\/image\/\"},\"sameAs\":[\"https:\/\/m.facebook.com\/JanetteLaxen\/?ref=bookmarks\",\"https:\/\/www.instagram.com\/janettelaxen.art\/\"]}]}<\/script>\n<!-- \/ Yoast SEO plugin. -->","yoast_head_json":{"title":"Tilausohjeet - Art by Janette Laxen","robots":{"index":"index","follow":"follow","max-snippet":"max-snippet:-1","max-image-preview":"max-image-preview:large","max-video-preview":"max-video-preview:-1"},"canonical":"https:\/\/www.janettelaxen.fi\/Tilaa muotokuva itselle tai lahjaksi\/?page_id=23","og_locale":"fi_FI","og_type":"article","og_title":"Tilausohjeet - Art by Janette Laxen","og_description":"Mallikuva Tilausta tehdess\u00e4si t\u00e4ytyy olla v\u00e4hint\u00e4\u00e4n yksi kuva haluamastasi henkil\u00f6st\u00e4\/aiheesta. Kuvia saa kuitenkin laittaa useampia, jos niit\u00e4 on. Joissain tapauksissa jos kuva on eritt\u00e4in ep\u00e4selv\u00e4 saatan joutua pyyt\u00e4m\u00e4\u00e4n lis\u00e4kuvia. My\u00f6s ajoneuvopiirroksien kohdalla lis\u00e4kuvat ovat usein tarpeen. Niiden kohdalla riitt\u00e4\u00e4 my\u00f6s usein se ett\u00e4 kertoo merkin ja mallin jolloin voin tarvittaessa etsiskell\u00e4 tarkentavia kuvia my\u00f6s itse.&hellip;&nbsp;Lue lis\u00e4\u00e4 &raquo;Tilausohjeet","og_url":"https:\/\/www.janettelaxen.fi\/Tilaa muotokuva itselle tai lahjaksi\/?page_id=23","og_site_name":"Art by Janette Laxen","article_publisher":"https:\/\/m.facebook.com\/JanetteLaxen\/?ref=bookmarks","article_modified_time":"2024-12-29T10:09:38+00:00","twitter_card":"summary_large_image","twitter_misc":{"Arvioitu lukuaika":"3 minuuttia"},"schema":{"@context":"https:\/\/schema.org","@graph":[{"@type":"WebPage","@id":"https:\/\/www.janettelaxen.fi\/Tilaa%20muotokuva%20itselle%20tai%20lahjaksi\/?page_id=23","url":"https:\/\/www.janettelaxen.fi\/Tilaa%20muotokuva%20itselle%20tai%20lahjaksi\/?page_id=23","name":"Tilausohjeet - Art by Janette Laxen","isPartOf":{"@id":"https:\/\/www.janettelaxen.fi\/Tilaa%20muotokuva%20itselle%20tai%20lahjaksi\/#website"},"datePublished":"2021-03-24T15:55:05+00:00","dateModified":"2024-12-29T10:09:38+00:00","breadcrumb":{"@id":"https:\/\/www.janettelaxen.fi\/Tilaa%20muotokuva%20itselle%20tai%20lahjaksi\/?page_id=23#breadcrumb"},"inLanguage":"fi","potentialAction":[{"@type":"ReadAction","target":["https:\/\/www.janettelaxen.fi\/Tilaa%20muotokuva%20itselle%20tai%20lahjaksi\/?page_id=23"]}]},{"@type":"BreadcrumbList","@id":"https:\/\/www.janettelaxen.fi\/Tilaa%20muotokuva%20itselle%20tai%20lahjaksi\/?page_id=23#breadcrumb","itemListElement":[{"@type":"ListItem","position":1,"name":"Etusivu","item":"https:\/\/www.janettelaxen.fi\/Tilaa%20muotokuva%20itselle%20tai%20lahjaksi\/"},{"@type":"ListItem","position":2,"name":"Tilausohjeet"}]},{"@type":"WebSite","@id":"https:\/\/www.janettelaxen.fi\/Tilaa%20muotokuva%20itselle%20tai%20lahjaksi\/#website","url":"https:\/\/www.janettelaxen.fi\/Tilaa%20muotokuva%20itselle%20tai%20lahjaksi\/","name":"Art by Janette Laxen","description":"","publisher":{"@id":"https:\/\/www.janettelaxen.fi\/Tilaa%20muotokuva%20itselle%20tai%20lahjaksi\/#organization"},"potentialAction":[{"@type":"SearchAction","target":{"@type":"EntryPoint","urlTemplate":"https:\/\/www.janettelaxen.fi\/Tilaa%20muotokuva%20itselle%20tai%20lahjaksi\/?s={search_term_string}"},"query-input":{"@type":"PropertyValueSpecification","valueRequired":true,"valueName":"search_term_string"}}],"inLanguage":"fi"},{"@type":"Organization","@id":"https:\/\/www.janettelaxen.fi\/Tilaa%20muotokuva%20itselle%20tai%20lahjaksi\/#organization","name":"Janette Laxen art","url":"https:\/\/www.janettelaxen.fi\/Tilaa%20muotokuva%20itselle%20tai%20lahjaksi\/","logo":{"@type":"ImageObject","inLanguage":"fi","@id":"https:\/\/www.janettelaxen.fi\/Tilaa%20muotokuva%20itselle%20tai%20lahjaksi\/#\/schema\/logo\/image\/","url":"https:\/\/www.janettelaxen.fi\/wp-content\/uploads\/2021\/03\/121304486_117288050147335_9188714198852694627_o-e1616617409820.jpg","contentUrl":"https:\/\/www.janettelaxen.fi\/wp-content\/uploads\/2021\/03\/121304486_117288050147335_9188714198852694627_o-e1616617409820.jpg","width":60,"height":61,"caption":"Janette Laxen art"},"image":{"@id":"https:\/\/www.janettelaxen.fi\/Tilaa%20muotokuva%20itselle%20tai%20lahjaksi\/#\/schema\/logo\/image\/"},"sameAs":["https:\/\/m.facebook.com\/JanetteLaxen\/?ref=bookmarks","https:\/\/www.instagram.com\/janettelaxen.art\/"]}]}},"_links":{"self":[{"href":"https:\/\/www.janettelaxen.fi\/Tilaa%20muotokuva%20itselle%20tai%20lahjaksi\/index.php?rest_route=\/wp\/v2\/pages\/23","targetHints":{"allow":["GET"]}}],"collection":[{"href":"https:\/\/www.janettelaxen.fi\/Tilaa%20muotokuva%20itselle%20tai%20lahjaksi\/index.php?rest_route=\/wp\/v2\/pages"}],"about":[{"href":"https:\/\/www.janettelaxen.fi\/Tilaa%20muotokuva%20itselle%20tai%20lahjaksi\/index.php?rest_route=\/wp\/v2\/types\/page"}],"author":[{"embeddable":true,"href":"https:\/\/www.janettelaxen.fi\/Tilaa%20muotokuva%20itselle%20tai%20lahjaksi\/index.php?rest_route=\/wp\/v2\/users\/1"}],"replies":[{"embeddable":true,"href":"https:\/\/www.janettelaxen.fi\/Tilaa%20muotokuva%20itselle%20tai%20lahjaksi\/index.php?rest_route=%2Fwp%2Fv2%2Fcomments&post=23"}],"version-history":[{"count":13,"href":"https:\/\/www.janettelaxen.fi\/Tilaa%20muotokuva%20itselle%20tai%20lahjaksi\/index.php?rest_route=\/wp\/v2\/pages\/23\/revisions"}],"predecessor-version":[{"id":1640,"href":"https:\/\/www.janettelaxen.fi\/Tilaa%20muotokuva%20itselle%20tai%20lahjaksi\/index.php?rest_route=\/wp\/v2\/pages\/23\/revisions\/1640"}],"wp:attachment":[{"href":"https:\/\/www.janettelaxen.fi\/Tilaa%20muotokuva%20itselle%20tai%20lahjaksi\/index.php?rest_route=%2Fwp%2Fv2%2Fmedia&parent=23"}],"curies":[{"name":"wp","href":"https:\/\/api.w.org\/{rel}","templated":true}]}}