{"id":27,"date":"2021-03-24T15:56:01","date_gmt":"2021-03-24T15:56:01","guid":{"rendered":"http:\/\/www.janettelaxen.fi\/?page_id=27"},"modified":"2024-12-29T09:56:54","modified_gmt":"2024-12-29T09:56:54","slug":"yhteystiedot","status":"publish","type":"page","link":"https:\/\/www.janettelaxen.fi\/Tilaa%20muotokuva%20itselle%20tai%20lahjaksi\/?page_id=27","title":{"rendered":"Yhteystiedot"},"content":{"rendered":"\n<p>Minuun voi ottaa yhteytt\u00e4 facebookissa, Instagramissa sek\u00e4 s\u00e4hk\u00f6postilla alla olevasta painikkeesta<\/p>\n\n\n\n<ul class=\"wp-block-social-links is-layout-flex wp-block-social-links-is-layout-flex\"><li class=\"wp-social-link wp-social-link-instagram  wp-block-social-link\"><a href=\"https:\/\/www.instagram.com\/janettelaxen.art\/\" class=\"wp-block-social-link-anchor\"><svg width=\"24\" height=\"24\" viewBox=\"0 0 24 24\" version=\"1.1\" xmlns=\"http:\/\/www.w3.org\/2000\/svg\" aria-hidden=\"true\" focusable=\"false\"><path d=\"M12,4.622c2.403,0,2.688,0.009,3.637,0.052c0.877,0.04,1.354,0.187,1.671,0.31c0.42,0.163,0.72,0.358,1.035,0.673 c0.315,0.315,0.51,0.615,0.673,1.035c0.123,0.317,0.27,0.794,0.31,1.671c0.043,0.949,0.052,1.234,0.052,3.637 s-0.009,2.688-0.052,3.637c-0.04,0.877-0.187,1.354-0.31,1.671c-0.163,0.42-0.358,0.72-0.673,1.035 c-0.315,0.315-0.615,0.51-1.035,0.673c-0.317,0.123-0.794,0.27-1.671,0.31c-0.949,0.043-1.233,0.052-3.637,0.052 s-2.688-0.009-3.637-0.052c-0.877-0.04-1.354-0.187-1.671-0.31c-0.42-0.163-0.72-0.358-1.035-0.673 c-0.315-0.315-0.51-0.615-0.673-1.035c-0.123-0.317-0.27-0.794-0.31-1.671C4.631,14.688,4.622,14.403,4.622,12 s0.009-2.688,0.052-3.637c0.04-0.877,0.187-1.354,0.31-1.671c0.163-0.42,0.358-0.72,0.673-1.035 c0.315-0.315,0.615-0.51,1.035-0.673c0.317-0.123,0.794-0.27,1.671-0.31C9.312,4.631,9.597,4.622,12,4.622 M12,3 C9.556,3,9.249,3.01,8.289,3.054C7.331,3.098,6.677,3.25,6.105,3.472C5.513,3.702,5.011,4.01,4.511,4.511 c-0.5,0.5-0.808,1.002-1.038,1.594C3.25,6.677,3.098,7.331,3.054,8.289C3.01,9.249,3,9.556,3,12c0,2.444,0.01,2.751,0.054,3.711 c0.044,0.958,0.196,1.612,0.418,2.185c0.23,0.592,0.538,1.094,1.038,1.594c0.5,0.5,1.002,0.808,1.594,1.038 c0.572,0.222,1.227,0.375,2.185,0.418C9.249,20.99,9.556,21,12,21s2.751-0.01,3.711-0.054c0.958-0.044,1.612-0.196,2.185-0.418 c0.592-0.23,1.094-0.538,1.594-1.038c0.5-0.5,0.808-1.002,1.038-1.594c0.222-0.572,0.375-1.227,0.418-2.185 C20.99,14.751,21,14.444,21,12s-0.01-2.751-0.054-3.711c-0.044-0.958-0.196-1.612-0.418-2.185c-0.23-0.592-0.538-1.094-1.038-1.594 c-0.5-0.5-1.002-0.808-1.594-1.038c-0.572-0.222-1.227-0.375-2.185-0.418C14.751,3.01,14.444,3,12,3L12,3z M12,7.378 c-2.552,0-4.622,2.069-4.622,4.622S9.448,16.622,12,16.622s4.622-2.069,4.622-4.622S14.552,7.378,12,7.378z M12,15 c-1.657,0-3-1.343-3-3s1.343-3,3-3s3,1.343,3,3S13.657,15,12,15z M16.804,6.116c-0.596,0-1.08,0.484-1.08,1.08 s0.484,1.08,1.08,1.08c0.596,0,1.08-0.484,1.08-1.08S17.401,6.116,16.804,6.116z\"><\/path><\/svg><span class=\"wp-block-social-link-label screen-reader-text\">Instagram<\/span><\/a><\/li>\n\n<li class=\"wp-social-link wp-social-link-facebook  wp-block-social-link\"><a href=\"https:\/\/www.facebook.com\/JanetteLaxen\" class=\"wp-block-social-link-anchor\"><svg width=\"24\" height=\"24\" viewBox=\"0 0 24 24\" version=\"1.1\" xmlns=\"http:\/\/www.w3.org\/2000\/svg\" aria-hidden=\"true\" focusable=\"false\"><path d=\"M12 2C6.5 2 2 6.5 2 12c0 5 3.7 9.1 8.4 9.9v-7H7.9V12h2.5V9.8c0-2.5 1.5-3.9 3.8-3.9 1.1 0 2.2.2 2.2.2v2.5h-1.3c-1.2 0-1.6.8-1.6 1.6V12h2.8l-.4 2.9h-2.3v7C18.3 21.1 22 17 22 12c0-5.5-4.5-10-10-10z\"><\/path><\/svg><span class=\"wp-block-social-link-label screen-reader-text\">Facebook<\/span><\/a><\/li><\/ul>\n\n\n\n<p>Jos painikkeet ei toimi minut l\u00f6yt\u00e4\u00e4 facebookista<\/p>\n\n\n\n<p>Ja instagramista nimill\u00e4<\/p>\n\n\n\n<p>Janettelaxen.art<\/p>\n\n\n\n<p>s\u00e4hk\u00f6postilla<\/p>\n\n\n\n<p>Laxen.art@gmail.com<\/p>\n\n\n\n<div class=\"wp-block-buttons is-layout-flex wp-block-buttons-is-layout-flex\">\n<div class=\"wp-block-button\"><a class=\"wp-block-button__link wp-element-button\" href=\"mailto:laxen.art@gmail.com\" target=\"_blank\" rel=\"noreferrer noopener\">Ota yhteytt\u00e4 s\u00e4hk\u00f6postilla<\/a><\/div>\n<\/div>\n\n\n\n<div class=\"wp-block-buttons is-layout-flex wp-block-buttons-is-layout-flex\">\n<div class=\"wp-block-button\"><a class=\"wp-block-button__link wp-element-button\" href=\"https:\/\/m.facebook.com\/JanetteLaxen\/?ref=bookmarks\" target=\"_blank\" rel=\"noreferrer noopener\">ota yhteytt\u00e4 facebookissa<\/a><\/div>\n<\/div>\n\n\n\n<p><\/p>\n\n\n\n<div class=\"wp-block-buttons is-layout-flex wp-block-buttons-is-layout-flex\">\n<div class=\"wp-block-button\"><a class=\"wp-block-button__link wp-element-button\" href=\"https:\/\/www.janettelaxen.fi\/Tilaa%20muotokuva%20itselle%20tai%20lahjaksi\/\">Etusivu<\/a><\/div>\n\n\n\n<div class=\"wp-block-button\"><a class=\"wp-block-button__link wp-element-button\" href=\"https:\/\/www.janettelaxen.fi\/Tilaa%20muotokuva%20itselle%20tai%20lahjaksi\/?page_id=1307\">Kuvagalleria<\/a><\/div>\n\n\n\n<div class=\"wp-block-button\"><a class=\"wp-block-button__link wp-element-button\" href=\"https:\/\/www.janettelaxen.fi\/Tilaa%20muotokuva%20itselle%20tai%20lahjaksi\/?page_id=56\">Hinnat<\/a><\/div>\n<\/div>\n\n\n\n<div class=\"wp-block-buttons is-layout-flex wp-block-buttons-is-layout-flex\">\n<div class=\"wp-block-button\"><a class=\"wp-block-button__link wp-element-button\" href=\"https:\/\/www.janettelaxen.fi\/Tilaa%20muotokuva%20itselle%20tai%20lahjaksi\/?page_id=23\">Kuinka tilaat?<\/a><\/div>\n\n\n\n<div class=\"wp-block-button\"><a class=\"wp-block-button__link wp-element-button\" href=\"https:\/\/www.janettelaxen.fi\/Tilaa%20muotokuva%20itselle%20tai%20lahjaksi\/?page_id=912\">Tietoa taiteilijasta<\/a><\/div>\n<\/div>\n\n\n\n<p><\/p>\n\n\n\n<p><\/p>\n\n\n\n<div class=\"wp-block-group\"><div class=\"wp-block-group__inner-container is-layout-flow wp-block-group-is-layout-flow\">\n<p><\/p>\n<\/div><\/div>\n\n\n\n<p><\/p>\n\n\n\n<p><\/p>\n\n\n\n<p><\/p>\n\n\n\n<p><\/p>\n\n\n\n<p><\/p>\n\n\n\n<p><\/p>\n\n\n\n<p><\/p>\n\n\n\n<p><\/p>\n\n\n\n<p><\/p>\n\n\n\n<p><\/p>\n","protected":false},"excerpt":{"rendered":"<p>Minuun voi ottaa yhteytt\u00e4 facebookissa, Instagramissa sek\u00e4 s\u00e4hk\u00f6postilla alla olevasta painikkeesta Jos painikkeet ei toimi minut l\u00f6yt\u00e4\u00e4 facebookista Ja instagramista nimill\u00e4 Janettelaxen.art s\u00e4hk\u00f6postilla Laxen.art@gmail.com<\/p>\n","protected":false},"author":1,"featured_media":0,"parent":0,"menu_order":0,"comment_status":"closed","ping_status":"closed","template":"","meta":{"neve_meta_sidebar":"","neve_meta_container":"","neve_meta_enable_content_width":"","neve_meta_content_width":0,"neve_meta_title_alignment":"","neve_meta_author_avatar":"","neve_post_elements_order":"","neve_meta_disable_header":"","neve_meta_disable_footer":"","neve_meta_disable_title":"","_themeisle_gutenberg_block_has_review":false,"footnotes":""},"class_list":["post-27","page","type-page","status-publish","hentry"],"yoast_head":"<!-- This site is optimized with the Yoast SEO plugin v26.2 - https:\/\/yoast.com\/wordpress\/plugins\/seo\/ -->\n<title>Yhteystiedot - Art by Janette Laxen<\/title>\n<meta name=\"description\" content=\"muotokuvapiirustuksia lyijykyn\u00e4ll\u00e4 muotokuvapiirustuspastelleilla muotokuvapiirustus v\u00e4rikynill\u00e4 ota yhteytt\u00e4\" \/>\n<meta name=\"robots\" content=\"index, follow, max-snippet:-1, max-image-preview:large, max-video-preview:-1\" \/>\n<link rel=\"canonical\" href=\"https:\/\/www.janettelaxen.fi\/Tilaa%20muotokuva%20itselle%20tai%20lahjaksi\/?page_id=27\" \/>\n<meta property=\"og:locale\" content=\"fi_FI\" \/>\n<meta property=\"og:type\" content=\"article\" \/>\n<meta property=\"og:title\" content=\"Yhteystiedot - Art by Janette Laxen\" \/>\n<meta property=\"og:description\" content=\"muotokuvapiirustuksia lyijykyn\u00e4ll\u00e4 muotokuvapiirustuspastelleilla muotokuvapiirustus v\u00e4rikynill\u00e4 ota yhteytt\u00e4\" \/>\n<meta property=\"og:url\" content=\"https:\/\/www.janettelaxen.fi\/Tilaa muotokuva itselle tai lahjaksi\/?page_id=27\" \/>\n<meta property=\"og:site_name\" content=\"Art by Janette Laxen\" \/>\n<meta property=\"article:publisher\" content=\"https:\/\/m.facebook.com\/JanetteLaxen\/?ref=bookmarks\" \/>\n<meta property=\"article:modified_time\" content=\"2024-12-29T09:56:54+00:00\" \/>\n<meta name=\"twitter:card\" content=\"summary_large_image\" \/>\n<meta name=\"twitter:label1\" content=\"Arvioitu lukuaika\" \/>\n\t<meta name=\"twitter:data1\" content=\"1 minuutti\" \/>\n<script type=\"application\/ld+json\" class=\"yoast-schema-graph\">{\"@context\":\"https:\/\/schema.org\",\"@graph\":[{\"@type\":\"WebPage\",\"@id\":\"https:\/\/www.janettelaxen.fi\/Tilaa%20muotokuva%20itselle%20tai%20lahjaksi\/?page_id=27\",\"url\":\"https:\/\/www.janettelaxen.fi\/Tilaa%20muotokuva%20itselle%20tai%20lahjaksi\/?page_id=27\",\"name\":\"Yhteystiedot - Art by Janette Laxen\",\"isPartOf\":{\"@id\":\"https:\/\/www.janettelaxen.fi\/Tilaa%20muotokuva%20itselle%20tai%20lahjaksi\/#website\"},\"datePublished\":\"2021-03-24T15:56:01+00:00\",\"dateModified\":\"2024-12-29T09:56:54+00:00\",\"description\":\"muotokuvapiirustuksia lyijykyn\u00e4ll\u00e4 muotokuvapiirustuspastelleilla muotokuvapiirustus v\u00e4rikynill\u00e4 ota yhteytt\u00e4\",\"breadcrumb\":{\"@id\":\"https:\/\/www.janettelaxen.fi\/Tilaa%20muotokuva%20itselle%20tai%20lahjaksi\/?page_id=27#breadcrumb\"},\"inLanguage\":\"fi\",\"potentialAction\":[{\"@type\":\"ReadAction\",\"target\":[\"https:\/\/www.janettelaxen.fi\/Tilaa%20muotokuva%20itselle%20tai%20lahjaksi\/?page_id=27\"]}]},{\"@type\":\"BreadcrumbList\",\"@id\":\"https:\/\/www.janettelaxen.fi\/Tilaa%20muotokuva%20itselle%20tai%20lahjaksi\/?page_id=27#breadcrumb\",\"itemListElement\":[{\"@type\":\"ListItem\",\"position\":1,\"name\":\"Etusivu\",\"item\":\"https:\/\/www.janettelaxen.fi\/Tilaa%20muotokuva%20itselle%20tai%20lahjaksi\/\"},{\"@type\":\"ListItem\",\"position\":2,\"name\":\"Yhteystiedot\"}]},{\"@type\":\"WebSite\",\"@id\":\"https:\/\/www.janettelaxen.fi\/Tilaa%20muotokuva%20itselle%20tai%20lahjaksi\/#website\",\"url\":\"https:\/\/www.janettelaxen.fi\/Tilaa%20muotokuva%20itselle%20tai%20lahjaksi\/\",\"name\":\"Art by Janette Laxen\",\"description\":\"\",\"publisher\":{\"@id\":\"https:\/\/www.janettelaxen.fi\/Tilaa%20muotokuva%20itselle%20tai%20lahjaksi\/#organization\"},\"potentialAction\":[{\"@type\":\"SearchAction\",\"target\":{\"@type\":\"EntryPoint\",\"urlTemplate\":\"https:\/\/www.janettelaxen.fi\/Tilaa%20muotokuva%20itselle%20tai%20lahjaksi\/?s={search_term_string}\"},\"query-input\":{\"@type\":\"PropertyValueSpecification\",\"valueRequired\":true,\"valueName\":\"search_term_string\"}}],\"inLanguage\":\"fi\"},{\"@type\":\"Organization\",\"@id\":\"https:\/\/www.janettelaxen.fi\/Tilaa%20muotokuva%20itselle%20tai%20lahjaksi\/#organization\",\"name\":\"Janette Laxen art\",\"url\":\"https:\/\/www.janettelaxen.fi\/Tilaa%20muotokuva%20itselle%20tai%20lahjaksi\/\",\"logo\":{\"@type\":\"ImageObject\",\"inLanguage\":\"fi\",\"@id\":\"https:\/\/www.janettelaxen.fi\/Tilaa%20muotokuva%20itselle%20tai%20lahjaksi\/#\/schema\/logo\/image\/\",\"url\":\"https:\/\/www.janettelaxen.fi\/wp-content\/uploads\/2021\/03\/121304486_117288050147335_9188714198852694627_o-e1616617409820.jpg\",\"contentUrl\":\"https:\/\/www.janettelaxen.fi\/wp-content\/uploads\/2021\/03\/121304486_117288050147335_9188714198852694627_o-e1616617409820.jpg\",\"width\":60,\"height\":61,\"caption\":\"Janette Laxen art\"},\"image\":{\"@id\":\"https:\/\/www.janettelaxen.fi\/Tilaa%20muotokuva%20itselle%20tai%20lahjaksi\/#\/schema\/logo\/image\/\"},\"sameAs\":[\"https:\/\/m.facebook.com\/JanetteLaxen\/?ref=bookmarks\",\"https:\/\/www.instagram.com\/janettelaxen.art\/\"]}]}<\/script>\n<!-- \/ Yoast SEO plugin. -->","yoast_head_json":{"title":"Yhteystiedot - Art by Janette Laxen","description":"muotokuvapiirustuksia lyijykyn\u00e4ll\u00e4 muotokuvapiirustuspastelleilla muotokuvapiirustus v\u00e4rikynill\u00e4 ota yhteytt\u00e4","robots":{"index":"index","follow":"follow","max-snippet":"max-snippet:-1","max-image-preview":"max-image-preview:large","max-video-preview":"max-video-preview:-1"},"canonical":"https:\/\/www.janettelaxen.fi\/Tilaa muotokuva itselle tai lahjaksi\/?page_id=27","og_locale":"fi_FI","og_type":"article","og_title":"Yhteystiedot - Art by Janette Laxen","og_description":"muotokuvapiirustuksia lyijykyn\u00e4ll\u00e4 muotokuvapiirustuspastelleilla muotokuvapiirustus v\u00e4rikynill\u00e4 ota yhteytt\u00e4","og_url":"https:\/\/www.janettelaxen.fi\/Tilaa muotokuva itselle tai lahjaksi\/?page_id=27","og_site_name":"Art by Janette Laxen","article_publisher":"https:\/\/m.facebook.com\/JanetteLaxen\/?ref=bookmarks","article_modified_time":"2024-12-29T09:56:54+00:00","twitter_card":"summary_large_image","twitter_misc":{"Arvioitu lukuaika":"1 minuutti"},"schema":{"@context":"https:\/\/schema.org","@graph":[{"@type":"WebPage","@id":"https:\/\/www.janettelaxen.fi\/Tilaa%20muotokuva%20itselle%20tai%20lahjaksi\/?page_id=27","url":"https:\/\/www.janettelaxen.fi\/Tilaa%20muotokuva%20itselle%20tai%20lahjaksi\/?page_id=27","name":"Yhteystiedot - Art by Janette Laxen","isPartOf":{"@id":"https:\/\/www.janettelaxen.fi\/Tilaa%20muotokuva%20itselle%20tai%20lahjaksi\/#website"},"datePublished":"2021-03-24T15:56:01+00:00","dateModified":"2024-12-29T09:56:54+00:00","description":"muotokuvapiirustuksia lyijykyn\u00e4ll\u00e4 muotokuvapiirustuspastelleilla muotokuvapiirustus v\u00e4rikynill\u00e4 ota yhteytt\u00e4","breadcrumb":{"@id":"https:\/\/www.janettelaxen.fi\/Tilaa%20muotokuva%20itselle%20tai%20lahjaksi\/?page_id=27#breadcrumb"},"inLanguage":"fi","potentialAction":[{"@type":"ReadAction","target":["https:\/\/www.janettelaxen.fi\/Tilaa%20muotokuva%20itselle%20tai%20lahjaksi\/?page_id=27"]}]},{"@type":"BreadcrumbList","@id":"https:\/\/www.janettelaxen.fi\/Tilaa%20muotokuva%20itselle%20tai%20lahjaksi\/?page_id=27#breadcrumb","itemListElement":[{"@type":"ListItem","position":1,"name":"Etusivu","item":"https:\/\/www.janettelaxen.fi\/Tilaa%20muotokuva%20itselle%20tai%20lahjaksi\/"},{"@type":"ListItem","position":2,"name":"Yhteystiedot"}]},{"@type":"WebSite","@id":"https:\/\/www.janettelaxen.fi\/Tilaa%20muotokuva%20itselle%20tai%20lahjaksi\/#website","url":"https:\/\/www.janettelaxen.fi\/Tilaa%20muotokuva%20itselle%20tai%20lahjaksi\/","name":"Art by Janette Laxen","description":"","publisher":{"@id":"https:\/\/www.janettelaxen.fi\/Tilaa%20muotokuva%20itselle%20tai%20lahjaksi\/#organization"},"potentialAction":[{"@type":"SearchAction","target":{"@type":"EntryPoint","urlTemplate":"https:\/\/www.janettelaxen.fi\/Tilaa%20muotokuva%20itselle%20tai%20lahjaksi\/?s={search_term_string}"},"query-input":{"@type":"PropertyValueSpecification","valueRequired":true,"valueName":"search_term_string"}}],"inLanguage":"fi"},{"@type":"Organization","@id":"https:\/\/www.janettelaxen.fi\/Tilaa%20muotokuva%20itselle%20tai%20lahjaksi\/#organization","name":"Janette Laxen art","url":"https:\/\/www.janettelaxen.fi\/Tilaa%20muotokuva%20itselle%20tai%20lahjaksi\/","logo":{"@type":"ImageObject","inLanguage":"fi","@id":"https:\/\/www.janettelaxen.fi\/Tilaa%20muotokuva%20itselle%20tai%20lahjaksi\/#\/schema\/logo\/image\/","url":"https:\/\/www.janettelaxen.fi\/wp-content\/uploads\/2021\/03\/121304486_117288050147335_9188714198852694627_o-e1616617409820.jpg","contentUrl":"https:\/\/www.janettelaxen.fi\/wp-content\/uploads\/2021\/03\/121304486_117288050147335_9188714198852694627_o-e1616617409820.jpg","width":60,"height":61,"caption":"Janette Laxen art"},"image":{"@id":"https:\/\/www.janettelaxen.fi\/Tilaa%20muotokuva%20itselle%20tai%20lahjaksi\/#\/schema\/logo\/image\/"},"sameAs":["https:\/\/m.facebook.com\/JanetteLaxen\/?ref=bookmarks","https:\/\/www.instagram.com\/janettelaxen.art\/"]}]}},"_links":{"self":[{"href":"https:\/\/www.janettelaxen.fi\/Tilaa%20muotokuva%20itselle%20tai%20lahjaksi\/index.php?rest_route=\/wp\/v2\/pages\/27","targetHints":{"allow":["GET"]}}],"collection":[{"href":"https:\/\/www.janettelaxen.fi\/Tilaa%20muotokuva%20itselle%20tai%20lahjaksi\/index.php?rest_route=\/wp\/v2\/pages"}],"about":[{"href":"https:\/\/www.janettelaxen.fi\/Tilaa%20muotokuva%20itselle%20tai%20lahjaksi\/index.php?rest_route=\/wp\/v2\/types\/page"}],"author":[{"embeddable":true,"href":"https:\/\/www.janettelaxen.fi\/Tilaa%20muotokuva%20itselle%20tai%20lahjaksi\/index.php?rest_route=\/wp\/v2\/users\/1"}],"replies":[{"embeddable":true,"href":"https:\/\/www.janettelaxen.fi\/Tilaa%20muotokuva%20itselle%20tai%20lahjaksi\/index.php?rest_route=%2Fwp%2Fv2%2Fcomments&post=27"}],"version-history":[{"count":16,"href":"https:\/\/www.janettelaxen.fi\/Tilaa%20muotokuva%20itselle%20tai%20lahjaksi\/index.php?rest_route=\/wp\/v2\/pages\/27\/revisions"}],"predecessor-version":[{"id":1637,"href":"https:\/\/www.janettelaxen.fi\/Tilaa%20muotokuva%20itselle%20tai%20lahjaksi\/index.php?rest_route=\/wp\/v2\/pages\/27\/revisions\/1637"}],"wp:attachment":[{"href":"https:\/\/www.janettelaxen.fi\/Tilaa%20muotokuva%20itselle%20tai%20lahjaksi\/index.php?rest_route=%2Fwp%2Fv2%2Fmedia&parent=27"}],"curies":[{"name":"wp","href":"https:\/\/api.w.org\/{rel}","templated":true}]}}