{"id":56,"date":"2021-03-24T17:19:18","date_gmt":"2021-03-24T17:19:18","guid":{"rendered":"http:\/\/www.janettelaxen.fi\/?page_id=56"},"modified":"2024-12-31T15:21:09","modified_gmt":"2024-12-31T15:21:09","slug":"tilaa-valokuvasta-piirros-tai-maalaus","status":"publish","type":"page","link":"https:\/\/www.janettelaxen.fi\/Tilaa%20muotokuva%20itselle%20tai%20lahjaksi\/?page_id=56","title":{"rendered":"Hinnasto"},"content":{"rendered":"\n<p><\/p>\n\n\n\n<p class=\"has-text-align-center\">Teen my\u00f6s haluamasi mittojen mukaan, kysy tarvittaessa lis\u00e4\u00e4.<\/p>\n\n\n\n<p class=\"has-text-align-center\">Tilaa valokuvasta piirros tai maalaus! <\/p>\n\n\n\n<p>Tilauksen hinta m\u00e4\u00e4r\u00e4ytyy aina sen hinnaston mukaan mik\u00e4 on tilaushetkell\u00e4 ollut n\u00e4kyvill\u00e4.  Esimerkkej\u00e4 hinnoittelusta l\u00f6ytyy hinnaston j\u00e4lkeen. Toistaiseksi kaikki piirrokset riippumatta tekniikasta (v\u00e4rikyn\u00e4,lyijykyn\u00e4 ja pastellity\u00f6t) ovat saman hinnaston alaisia<\/p>\n\n\n\n<figure class=\"wp-block-table aligncenter is-style-stripes\"><table class=\"has-fixed-layout\"><thead><tr><th>Piirrokset<\/th><th>perushinta<\/th><th><em>Lis\u00e4henkil\u00f6t\/<\/em><br><em>tausta alk.<\/em><\/th><\/tr><\/thead><tbody><tr><td>   A6 (10,5 \u00d7 14,8cm)<\/td><td>40\u20ac<\/td><td><\/td><\/tr><tr><td>   A5 (14,8 \u00d7 21,0cm)<\/td><td>60\u20ac<\/td><td><\/td><\/tr><tr><td>   A4 (21,0\u00d729,7cm)            <\/td><td>100\u20ac<\/td><td>+10\u20ac<\/td><\/tr><tr><td>   A3 (29,7\u00d742,0cm)  <\/td><td>165\u20ac<\/td><td>          +15\u20ac<\/td><\/tr><tr><td>   A2 (42,0\u00d759,4cm)   <\/td><td>300\u20ac<\/td><td>          +30\u20ac<\/td><\/tr><\/tbody><\/table><\/figure>\n\n\n\n<p>Esimerkki 1  <\/p>\n\n\n\n<p>Henkil\u00f6 A haluaa tilata piirroksen A3 kokoisena. Piirros on yhden henkil\u00f6n muotokuva, ilman taustaa\/yksiv\u00e4rinen tausta. Hinta on t\u00e4ll\u00f6in hinnaston mukainen &#8221;perushinta&#8221; eli 165\u20ac<\/p>\n\n\n\n<p>Esimerkki 2 <\/p>\n\n\n\n<p>Henkil\u00f6 B haluaa tilata teoksen a3 kokoisena. Piirrokseen tulee kaksi koiraa, ilman taustaa. Piirroksen hinta m\u00e4\u00e4r\u00e4ytyy niin ett\u00e4 perushinta 165e kattaa t\u00e4m\u00e4n yhden koiran ja toisesta koirasta tulee lis\u00e4maksu joka on A3 kokoisella piirroksella 15e. Kahden koiran muotokuvalle A3 kokoisena tulee hintaa siis 180\u20ac<\/p>\n\n\n\n<p>Mik\u00e4li kuvaan enemm\u00e4n kuin kolme kohdetta katsotaan hinnoittelu erikseen tilausvaiheessa.<\/p>\n\n\n\n<p>Hinnat eiv\u00e4t sis\u00e4ll\u00e4 toimituskuluja. Toimituskulut m\u00e4\u00e4r\u00e4ytyv\u00e4t postin\/matkahuollon hinnaston mukaisesti. Hinnat sis\u00e4lt\u00e4v\u00e4t verot.<\/p>\n\n\n\n<figure class=\"wp-block-table aligncenter is-style-regular\"><table class=\"has-fixed-layout\"><thead><tr><th class=\"has-text-align-left\" data-align=\"left\"><br> <em>\u00d6LJYV\u00c4RI-<\/em><br> MAALAUKSET  <\/th><th><\/th><th>Alkaen            <\/th><\/tr><\/thead><tbody><tr><td class=\"has-text-align-left\" data-align=\"left\"><\/td><td><\/td><td><\/td><\/tr><tr><td class=\"has-text-align-left\" data-align=\"left\"><\/td><td><\/td><td>350\u20ac<\/td><\/tr><\/tbody><\/table><\/figure>\n\n\n\n<p class=\"has-text-align-center\">Voin k\u00e4ytt\u00e4\u00e4 ty\u00f6n kehyst\u00e4m\u00f6ss\u00e4. T\u00e4ll\u00f6in kehystyksen hinta lis\u00e4t\u00e4\u00e4n hintaan<\/p>\n\n\n\n<p class=\"has-text-align-center\">Toimitustapoina nouto tai l\u00e4hetys.<\/p>\n\n\n\n<p class=\"has-text-align-center\">Tilaaja maksaa postikulut postin\/matkahuollon hinnaston mukaisesti.<\/p>\n\n\n\n<div class=\"wp-block-buttons is-content-justification-center is-layout-flex wp-container-core-buttons-is-layout-16018d1d wp-block-buttons-is-layout-flex\">\n<div class=\"wp-block-button\"><a class=\"wp-block-button__link wp-element-button\" href=\"https:\/\/www.janettelaxen.fi\/Tilaa%20muotokuva%20itselle%20tai%20lahjaksi\/\">Etusivu<\/a><\/div>\n\n\n\n<div class=\"wp-block-button\"><a class=\"wp-block-button__link wp-element-button\" href=\"https:\/\/www.janettelaxen.fi\/Tilaa%20muotokuva%20itselle%20tai%20lahjaksi\/?page_id=23\">Kuinka tilaat?<\/a><\/div>\n<\/div>\n\n\n\n<div class=\"wp-block-buttons is-content-justification-center is-layout-flex wp-container-core-buttons-is-layout-16018d1d wp-block-buttons-is-layout-flex\">\n<div class=\"wp-block-button\"><a class=\"wp-block-button__link wp-element-button\" href=\"https:\/\/www.janettelaxen.fi\/Tilaa%20muotokuva%20itselle%20tai%20lahjaksi\/?page_id=1307\">kuvagalleria<\/a><\/div>\n\n\n\n<div class=\"wp-block-button\"><a class=\"wp-block-button__link wp-element-button\" href=\"https:\/\/www.janettelaxen.fi\/Tilaa%20muotokuva%20itselle%20tai%20lahjaksi\/?page_id=27\">Yhteydenotto<\/a><\/div>\n\n\n\n<div class=\"wp-block-button\"><a class=\"wp-block-button__link wp-element-button\" href=\"https:\/\/www.instagram.com\/janettelaxen.art\/\" target=\"_blank\" rel=\"noreferrer noopener\">seuraa Instagramissa<\/a><\/div>\n<\/div>\n\n\n\n<figure class=\"wp-block-gallery has-nested-images columns-default is-cropped wp-block-gallery-1 is-layout-flex wp-block-gallery-is-layout-flex\">\n<figure class=\"wp-block-image size-large\"><a href=\"https:\/\/www.janettelaxen.fi\/wp-content\/uploads\/2023\/02\/IMG_20220429_140400_042-scaled.jpg\"><img loading=\"lazy\" decoding=\"async\" width=\"1024\" height=\"759\" data-id=\"1494\" src=\"https:\/\/www.janettelaxen.fi\/wp-content\/uploads\/2023\/02\/IMG_20220429_140400_042-1024x759.jpg\" alt=\"\" class=\"wp-image-1494\" srcset=\"https:\/\/www.janettelaxen.fi\/wp-content\/uploads\/2023\/02\/IMG_20220429_140400_042-1024x759.jpg 1024w, https:\/\/www.janettelaxen.fi\/wp-content\/uploads\/2023\/02\/IMG_20220429_140400_042-300x222.jpg 300w, https:\/\/www.janettelaxen.fi\/wp-content\/uploads\/2023\/02\/IMG_20220429_140400_042-768x569.jpg 768w, https:\/\/www.janettelaxen.fi\/wp-content\/uploads\/2023\/02\/IMG_20220429_140400_042-1536x1139.jpg 1536w, https:\/\/www.janettelaxen.fi\/wp-content\/uploads\/2023\/02\/IMG_20220429_140400_042-2048x1518.jpg 2048w, https:\/\/www.janettelaxen.fi\/wp-content\/uploads\/2023\/02\/IMG_20220429_140400_042-600x445.jpg 600w\" sizes=\"auto, (max-width: 1024px) 100vw, 1024px\" \/><\/a><\/figure>\n\n\n\n<figure class=\"wp-block-image size-large\"><a href=\"https:\/\/www.janettelaxen.fi\/wp-content\/uploads\/2021\/10\/IMG_20211024_141552-scaled.jpg\"><img loading=\"lazy\" decoding=\"async\" width=\"1024\" height=\"759\" data-id=\"1429\" src=\"https:\/\/www.janettelaxen.fi\/wp-content\/uploads\/2021\/10\/IMG_20211024_141552-1024x759.jpg\" alt=\"\" class=\"wp-image-1429\" srcset=\"https:\/\/www.janettelaxen.fi\/wp-content\/uploads\/2021\/10\/IMG_20211024_141552-1024x759.jpg 1024w, https:\/\/www.janettelaxen.fi\/wp-content\/uploads\/2021\/10\/IMG_20211024_141552-300x222.jpg 300w, https:\/\/www.janettelaxen.fi\/wp-content\/uploads\/2021\/10\/IMG_20211024_141552-768x569.jpg 768w, https:\/\/www.janettelaxen.fi\/wp-content\/uploads\/2021\/10\/IMG_20211024_141552-1536x1139.jpg 1536w, https:\/\/www.janettelaxen.fi\/wp-content\/uploads\/2021\/10\/IMG_20211024_141552-2048x1518.jpg 2048w, https:\/\/www.janettelaxen.fi\/wp-content\/uploads\/2021\/10\/IMG_20211024_141552-600x445.jpg 600w\" sizes=\"auto, (max-width: 1024px) 100vw, 1024px\" \/><\/a><figcaption class=\"wp-element-caption\">v\u00e4rikyn\u00e4piirros a3<\/figcaption><\/figure>\n<\/figure>\n\n\n\n<p>lyijykyn\u00e4piirros hinta lyijykyn\u00e4muotokuva hinta v\u00e4rikyn\u00e4piirros hinta v\u00e4rikyn\u00e4muotokuva hinnat \u00f6ljyv\u00e4rimaalaus hinta pastellimaalaus hinnat piirros lemmikist\u00e4 hinta piirretty kuva h\u00e4\u00e4kuva muistot taiteeksi <\/p>\n","protected":false},"excerpt":{"rendered":"<p>Teen my\u00f6s haluamasi mittojen mukaan, kysy tarvittaessa lis\u00e4\u00e4. Tilaa valokuvasta piirros tai maalaus! Tilauksen hinta m\u00e4\u00e4r\u00e4ytyy aina sen hinnaston mukaan mik\u00e4 on tilaushetkell\u00e4 ollut n\u00e4kyvill\u00e4. Esimerkkej\u00e4 hinnoittelusta l\u00f6ytyy hinnaston j\u00e4lkeen. Toistaiseksi kaikki piirrokset riippumatta tekniikasta (v\u00e4rikyn\u00e4,lyijykyn\u00e4 ja pastellity\u00f6t) ovat saman hinnaston alaisia Piirrokset perushinta Lis\u00e4henkil\u00f6t\/tausta alk. A6 (10,5 \u00d7 14,8cm) 40\u20ac A5 (14,8 \u00d7 21,0cm)&hellip;&nbsp;<a href=\"https:\/\/www.janettelaxen.fi\/Tilaa%20muotokuva%20itselle%20tai%20lahjaksi\/?page_id=56\" rel=\"bookmark\">Lue lis\u00e4\u00e4 &raquo;<span class=\"screen-reader-text\">Hinnasto<\/span><\/a><\/p>\n","protected":false},"author":1,"featured_media":0,"parent":0,"menu_order":0,"comment_status":"closed","ping_status":"closed","template":"page-templates\/template-pagebuilder-full-width.php","meta":{"neve_meta_sidebar":"","neve_meta_container":"contained","neve_meta_enable_content_width":"off","neve_meta_content_width":100,"neve_meta_title_alignment":"left","neve_meta_author_avatar":"","neve_post_elements_order":"","neve_meta_disable_header":"","neve_meta_disable_footer":"","neve_meta_disable_title":"","_themeisle_gutenberg_block_has_review":false,"footnotes":""},"class_list":["post-56","page","type-page","status-publish","hentry"],"yoast_head":"<!-- This site is optimized with the Yoast SEO plugin v26.2 - https:\/\/yoast.com\/wordpress\/plugins\/seo\/ -->\n<title>tilaa valokuvasta piirros tai maalaus hinnasto. Teet\u00e4 muistosi taiteeksi!<\/title>\n<meta name=\"description\" content=\"Tilaa itselle tai lahjaksi valokuvasta piirros tai maalaus henkil\u00f6st\u00e4, lemmikist\u00e4, ajoneuvosta tai paikasta hinnat. mm lyijykyn\u00e4muotokuva\" \/>\n<meta name=\"robots\" content=\"index, follow, max-snippet:-1, max-image-preview:large, max-video-preview:-1\" \/>\n<link rel=\"canonical\" href=\"https:\/\/www.janettelaxen.fi\/Tilaa%20muotokuva%20itselle%20tai%20lahjaksi\/?page_id=56\" \/>\n<meta property=\"og:locale\" content=\"fi_FI\" \/>\n<meta property=\"og:type\" content=\"article\" \/>\n<meta property=\"og:title\" content=\"tilaa valokuvasta piirros tai maalaus hinnasto. Teet\u00e4 muistosi taiteeksi!\" \/>\n<meta property=\"og:description\" content=\"Tilaa itselle tai lahjaksi valokuvasta piirros tai maalaus henkil\u00f6st\u00e4, lemmikist\u00e4, ajoneuvosta tai paikasta hinnat. mm lyijykyn\u00e4muotokuva\" \/>\n<meta property=\"og:url\" content=\"https:\/\/www.janettelaxen.fi\/Tilaa muotokuva itselle tai lahjaksi\/?page_id=56\" \/>\n<meta property=\"og:site_name\" content=\"Art by Janette Laxen\" \/>\n<meta property=\"article:publisher\" content=\"https:\/\/m.facebook.com\/JanetteLaxen\/?ref=bookmarks\" \/>\n<meta property=\"article:modified_time\" content=\"2024-12-31T15:21:09+00:00\" \/>\n<meta property=\"og:image\" content=\"https:\/\/www.janettelaxen.fi\/wp-content\/uploads\/2023\/02\/IMG_20220429_140400_042-scaled.jpg\" \/>\n\t<meta property=\"og:image:width\" content=\"2560\" \/>\n\t<meta property=\"og:image:height\" content=\"1898\" \/>\n\t<meta property=\"og:image:type\" content=\"image\/jpeg\" \/>\n<meta name=\"twitter:card\" content=\"summary_large_image\" \/>\n<meta name=\"twitter:label1\" content=\"Arvioitu lukuaika\" \/>\n\t<meta name=\"twitter:data1\" content=\"2 minuuttia\" \/>\n<script type=\"application\/ld+json\" class=\"yoast-schema-graph\">{\"@context\":\"https:\/\/schema.org\",\"@graph\":[{\"@type\":\"WebPage\",\"@id\":\"https:\/\/www.janettelaxen.fi\/Tilaa%20muotokuva%20itselle%20tai%20lahjaksi\/?page_id=56\",\"url\":\"https:\/\/www.janettelaxen.fi\/Tilaa%20muotokuva%20itselle%20tai%20lahjaksi\/?page_id=56\",\"name\":\"tilaa valokuvasta piirros tai maalaus hinnasto. Teet\u00e4 muistosi taiteeksi!\",\"isPartOf\":{\"@id\":\"https:\/\/www.janettelaxen.fi\/Tilaa%20muotokuva%20itselle%20tai%20lahjaksi\/#website\"},\"primaryImageOfPage\":{\"@id\":\"https:\/\/www.janettelaxen.fi\/Tilaa%20muotokuva%20itselle%20tai%20lahjaksi\/?page_id=56#primaryimage\"},\"image\":{\"@id\":\"https:\/\/www.janettelaxen.fi\/Tilaa%20muotokuva%20itselle%20tai%20lahjaksi\/?page_id=56#primaryimage\"},\"thumbnailUrl\":\"https:\/\/www.janettelaxen.fi\/wp-content\/uploads\/2023\/02\/IMG_20220429_140400_042-1024x759.jpg\",\"datePublished\":\"2021-03-24T17:19:18+00:00\",\"dateModified\":\"2024-12-31T15:21:09+00:00\",\"description\":\"Tilaa itselle tai lahjaksi valokuvasta piirros tai maalaus henkil\u00f6st\u00e4, lemmikist\u00e4, ajoneuvosta tai paikasta hinnat. mm lyijykyn\u00e4muotokuva\",\"breadcrumb\":{\"@id\":\"https:\/\/www.janettelaxen.fi\/Tilaa%20muotokuva%20itselle%20tai%20lahjaksi\/?page_id=56#breadcrumb\"},\"inLanguage\":\"fi\",\"potentialAction\":[{\"@type\":\"ReadAction\",\"target\":[\"https:\/\/www.janettelaxen.fi\/Tilaa%20muotokuva%20itselle%20tai%20lahjaksi\/?page_id=56\"]}]},{\"@type\":\"ImageObject\",\"inLanguage\":\"fi\",\"@id\":\"https:\/\/www.janettelaxen.fi\/Tilaa%20muotokuva%20itselle%20tai%20lahjaksi\/?page_id=56#primaryimage\",\"url\":\"https:\/\/www.janettelaxen.fi\/wp-content\/uploads\/2023\/02\/IMG_20220429_140400_042-1024x759.jpg\",\"contentUrl\":\"https:\/\/www.janettelaxen.fi\/wp-content\/uploads\/2023\/02\/IMG_20220429_140400_042-1024x759.jpg\"},{\"@type\":\"BreadcrumbList\",\"@id\":\"https:\/\/www.janettelaxen.fi\/Tilaa%20muotokuva%20itselle%20tai%20lahjaksi\/?page_id=56#breadcrumb\",\"itemListElement\":[{\"@type\":\"ListItem\",\"position\":1,\"name\":\"Etusivu\",\"item\":\"https:\/\/www.janettelaxen.fi\/Tilaa%20muotokuva%20itselle%20tai%20lahjaksi\/\"},{\"@type\":\"ListItem\",\"position\":2,\"name\":\"Hinnasto\"}]},{\"@type\":\"WebSite\",\"@id\":\"https:\/\/www.janettelaxen.fi\/Tilaa%20muotokuva%20itselle%20tai%20lahjaksi\/#website\",\"url\":\"https:\/\/www.janettelaxen.fi\/Tilaa%20muotokuva%20itselle%20tai%20lahjaksi\/\",\"name\":\"Art by Janette Laxen\",\"description\":\"\",\"publisher\":{\"@id\":\"https:\/\/www.janettelaxen.fi\/Tilaa%20muotokuva%20itselle%20tai%20lahjaksi\/#organization\"},\"potentialAction\":[{\"@type\":\"SearchAction\",\"target\":{\"@type\":\"EntryPoint\",\"urlTemplate\":\"https:\/\/www.janettelaxen.fi\/Tilaa%20muotokuva%20itselle%20tai%20lahjaksi\/?s={search_term_string}\"},\"query-input\":{\"@type\":\"PropertyValueSpecification\",\"valueRequired\":true,\"valueName\":\"search_term_string\"}}],\"inLanguage\":\"fi\"},{\"@type\":\"Organization\",\"@id\":\"https:\/\/www.janettelaxen.fi\/Tilaa%20muotokuva%20itselle%20tai%20lahjaksi\/#organization\",\"name\":\"Janette Laxen art\",\"url\":\"https:\/\/www.janettelaxen.fi\/Tilaa%20muotokuva%20itselle%20tai%20lahjaksi\/\",\"logo\":{\"@type\":\"ImageObject\",\"inLanguage\":\"fi\",\"@id\":\"https:\/\/www.janettelaxen.fi\/Tilaa%20muotokuva%20itselle%20tai%20lahjaksi\/#\/schema\/logo\/image\/\",\"url\":\"https:\/\/www.janettelaxen.fi\/wp-content\/uploads\/2021\/03\/121304486_117288050147335_9188714198852694627_o-e1616617409820.jpg\",\"contentUrl\":\"https:\/\/www.janettelaxen.fi\/wp-content\/uploads\/2021\/03\/121304486_117288050147335_9188714198852694627_o-e1616617409820.jpg\",\"width\":60,\"height\":61,\"caption\":\"Janette Laxen art\"},\"image\":{\"@id\":\"https:\/\/www.janettelaxen.fi\/Tilaa%20muotokuva%20itselle%20tai%20lahjaksi\/#\/schema\/logo\/image\/\"},\"sameAs\":[\"https:\/\/m.facebook.com\/JanetteLaxen\/?ref=bookmarks\",\"https:\/\/www.instagram.com\/janettelaxen.art\/\"]}]}<\/script>\n<!-- \/ Yoast SEO plugin. -->","yoast_head_json":{"title":"tilaa valokuvasta piirros tai maalaus hinnasto. Teet\u00e4 muistosi taiteeksi!","description":"Tilaa itselle tai lahjaksi valokuvasta piirros tai maalaus henkil\u00f6st\u00e4, lemmikist\u00e4, ajoneuvosta tai paikasta hinnat. mm lyijykyn\u00e4muotokuva","robots":{"index":"index","follow":"follow","max-snippet":"max-snippet:-1","max-image-preview":"max-image-preview:large","max-video-preview":"max-video-preview:-1"},"canonical":"https:\/\/www.janettelaxen.fi\/Tilaa muotokuva itselle tai lahjaksi\/?page_id=56","og_locale":"fi_FI","og_type":"article","og_title":"tilaa valokuvasta piirros tai maalaus hinnasto. Teet\u00e4 muistosi taiteeksi!","og_description":"Tilaa itselle tai lahjaksi valokuvasta piirros tai maalaus henkil\u00f6st\u00e4, lemmikist\u00e4, ajoneuvosta tai paikasta hinnat. mm lyijykyn\u00e4muotokuva","og_url":"https:\/\/www.janettelaxen.fi\/Tilaa muotokuva itselle tai lahjaksi\/?page_id=56","og_site_name":"Art by Janette Laxen","article_publisher":"https:\/\/m.facebook.com\/JanetteLaxen\/?ref=bookmarks","article_modified_time":"2024-12-31T15:21:09+00:00","og_image":[{"width":2560,"height":1898,"url":"https:\/\/www.janettelaxen.fi\/wp-content\/uploads\/2023\/02\/IMG_20220429_140400_042-scaled.jpg","type":"image\/jpeg"}],"twitter_card":"summary_large_image","twitter_misc":{"Arvioitu lukuaika":"2 minuuttia"},"schema":{"@context":"https:\/\/schema.org","@graph":[{"@type":"WebPage","@id":"https:\/\/www.janettelaxen.fi\/Tilaa%20muotokuva%20itselle%20tai%20lahjaksi\/?page_id=56","url":"https:\/\/www.janettelaxen.fi\/Tilaa%20muotokuva%20itselle%20tai%20lahjaksi\/?page_id=56","name":"tilaa valokuvasta piirros tai maalaus hinnasto. Teet\u00e4 muistosi taiteeksi!","isPartOf":{"@id":"https:\/\/www.janettelaxen.fi\/Tilaa%20muotokuva%20itselle%20tai%20lahjaksi\/#website"},"primaryImageOfPage":{"@id":"https:\/\/www.janettelaxen.fi\/Tilaa%20muotokuva%20itselle%20tai%20lahjaksi\/?page_id=56#primaryimage"},"image":{"@id":"https:\/\/www.janettelaxen.fi\/Tilaa%20muotokuva%20itselle%20tai%20lahjaksi\/?page_id=56#primaryimage"},"thumbnailUrl":"https:\/\/www.janettelaxen.fi\/wp-content\/uploads\/2023\/02\/IMG_20220429_140400_042-1024x759.jpg","datePublished":"2021-03-24T17:19:18+00:00","dateModified":"2024-12-31T15:21:09+00:00","description":"Tilaa itselle tai lahjaksi valokuvasta piirros tai maalaus henkil\u00f6st\u00e4, lemmikist\u00e4, ajoneuvosta tai paikasta hinnat. mm lyijykyn\u00e4muotokuva","breadcrumb":{"@id":"https:\/\/www.janettelaxen.fi\/Tilaa%20muotokuva%20itselle%20tai%20lahjaksi\/?page_id=56#breadcrumb"},"inLanguage":"fi","potentialAction":[{"@type":"ReadAction","target":["https:\/\/www.janettelaxen.fi\/Tilaa%20muotokuva%20itselle%20tai%20lahjaksi\/?page_id=56"]}]},{"@type":"ImageObject","inLanguage":"fi","@id":"https:\/\/www.janettelaxen.fi\/Tilaa%20muotokuva%20itselle%20tai%20lahjaksi\/?page_id=56#primaryimage","url":"https:\/\/www.janettelaxen.fi\/wp-content\/uploads\/2023\/02\/IMG_20220429_140400_042-1024x759.jpg","contentUrl":"https:\/\/www.janettelaxen.fi\/wp-content\/uploads\/2023\/02\/IMG_20220429_140400_042-1024x759.jpg"},{"@type":"BreadcrumbList","@id":"https:\/\/www.janettelaxen.fi\/Tilaa%20muotokuva%20itselle%20tai%20lahjaksi\/?page_id=56#breadcrumb","itemListElement":[{"@type":"ListItem","position":1,"name":"Etusivu","item":"https:\/\/www.janettelaxen.fi\/Tilaa%20muotokuva%20itselle%20tai%20lahjaksi\/"},{"@type":"ListItem","position":2,"name":"Hinnasto"}]},{"@type":"WebSite","@id":"https:\/\/www.janettelaxen.fi\/Tilaa%20muotokuva%20itselle%20tai%20lahjaksi\/#website","url":"https:\/\/www.janettelaxen.fi\/Tilaa%20muotokuva%20itselle%20tai%20lahjaksi\/","name":"Art by Janette Laxen","description":"","publisher":{"@id":"https:\/\/www.janettelaxen.fi\/Tilaa%20muotokuva%20itselle%20tai%20lahjaksi\/#organization"},"potentialAction":[{"@type":"SearchAction","target":{"@type":"EntryPoint","urlTemplate":"https:\/\/www.janettelaxen.fi\/Tilaa%20muotokuva%20itselle%20tai%20lahjaksi\/?s={search_term_string}"},"query-input":{"@type":"PropertyValueSpecification","valueRequired":true,"valueName":"search_term_string"}}],"inLanguage":"fi"},{"@type":"Organization","@id":"https:\/\/www.janettelaxen.fi\/Tilaa%20muotokuva%20itselle%20tai%20lahjaksi\/#organization","name":"Janette Laxen art","url":"https:\/\/www.janettelaxen.fi\/Tilaa%20muotokuva%20itselle%20tai%20lahjaksi\/","logo":{"@type":"ImageObject","inLanguage":"fi","@id":"https:\/\/www.janettelaxen.fi\/Tilaa%20muotokuva%20itselle%20tai%20lahjaksi\/#\/schema\/logo\/image\/","url":"https:\/\/www.janettelaxen.fi\/wp-content\/uploads\/2021\/03\/121304486_117288050147335_9188714198852694627_o-e1616617409820.jpg","contentUrl":"https:\/\/www.janettelaxen.fi\/wp-content\/uploads\/2021\/03\/121304486_117288050147335_9188714198852694627_o-e1616617409820.jpg","width":60,"height":61,"caption":"Janette Laxen art"},"image":{"@id":"https:\/\/www.janettelaxen.fi\/Tilaa%20muotokuva%20itselle%20tai%20lahjaksi\/#\/schema\/logo\/image\/"},"sameAs":["https:\/\/m.facebook.com\/JanetteLaxen\/?ref=bookmarks","https:\/\/www.instagram.com\/janettelaxen.art\/"]}]}},"_links":{"self":[{"href":"https:\/\/www.janettelaxen.fi\/Tilaa%20muotokuva%20itselle%20tai%20lahjaksi\/index.php?rest_route=\/wp\/v2\/pages\/56","targetHints":{"allow":["GET"]}}],"collection":[{"href":"https:\/\/www.janettelaxen.fi\/Tilaa%20muotokuva%20itselle%20tai%20lahjaksi\/index.php?rest_route=\/wp\/v2\/pages"}],"about":[{"href":"https:\/\/www.janettelaxen.fi\/Tilaa%20muotokuva%20itselle%20tai%20lahjaksi\/index.php?rest_route=\/wp\/v2\/types\/page"}],"author":[{"embeddable":true,"href":"https:\/\/www.janettelaxen.fi\/Tilaa%20muotokuva%20itselle%20tai%20lahjaksi\/index.php?rest_route=\/wp\/v2\/users\/1"}],"replies":[{"embeddable":true,"href":"https:\/\/www.janettelaxen.fi\/Tilaa%20muotokuva%20itselle%20tai%20lahjaksi\/index.php?rest_route=%2Fwp%2Fv2%2Fcomments&post=56"}],"version-history":[{"count":61,"href":"https:\/\/www.janettelaxen.fi\/Tilaa%20muotokuva%20itselle%20tai%20lahjaksi\/index.php?rest_route=\/wp\/v2\/pages\/56\/revisions"}],"predecessor-version":[{"id":1646,"href":"https:\/\/www.janettelaxen.fi\/Tilaa%20muotokuva%20itselle%20tai%20lahjaksi\/index.php?rest_route=\/wp\/v2\/pages\/56\/revisions\/1646"}],"wp:attachment":[{"href":"https:\/\/www.janettelaxen.fi\/Tilaa%20muotokuva%20itselle%20tai%20lahjaksi\/index.php?rest_route=%2Fwp%2Fv2%2Fmedia&parent=56"}],"curies":[{"name":"wp","href":"https:\/\/api.w.org\/{rel}","templated":true}]}}