{"id":798,"date":"2020-03-23T11:30:41","date_gmt":"2020-03-23T11:30:41","guid":{"rendered":"https:\/\/demosites.io\/rokophoto-gb\/?page_id=86"},"modified":"2024-12-29T09:58:19","modified_gmt":"2024-12-29T09:58:19","slug":"teeta-muistot-taiteeksi","status":"publish","type":"page","link":"https:\/\/www.janettelaxen.fi\/Tilaa%20muotokuva%20itselle%20tai%20lahjaksi\/","title":{"rendered":"ETUSIVU"},"content":{"rendered":"\n<div id=\"wp-block-themeisle-blocks-advanced-columns-427f53fe\" class=\"wp-block-themeisle-blocks-advanced-columns alignfull has-1-columns has-desktop-equal-layout has-tablet-equal-layout has-mobile-equal-layout has-vertical-center\"><div class=\"wp-block-themeisle-blocks-advanced-columns-overlay\"><\/div><div class=\"innerblocks-wrap\">\n<div id=\"wp-block-themeisle-blocks-advanced-column-e917b60f\" class=\"wp-block-themeisle-blocks-advanced-column\">\n<div style=\"height:1px\" aria-hidden=\"true\" class=\"wp-block-spacer\"><\/div>\n\n\n\n<div style=\"height:1px\" aria-hidden=\"true\" class=\"wp-block-spacer\"><\/div>\n<\/div>\n<\/div><\/div>\n\n\n\n<div id=\"wp-block-themeisle-blocks-advanced-columns-70e00fe0\" class=\"wp-block-themeisle-blocks-advanced-columns alignfull has-1-columns has-desktop-equal-layout has-tablet-equal-layout has-mobile-equal-layout has-vertical-unset\"><div class=\"wp-block-themeisle-blocks-advanced-columns-overlay\"><\/div><div class=\"innerblocks-wrap\">\n<div id=\"wp-block-themeisle-blocks-advanced-column-044b4c7f\" class=\"wp-block-themeisle-blocks-advanced-column\">\n<div class=\"wp-block-columns is-layout-flex wp-container-core-columns-is-layout-9d6595d7 wp-block-columns-is-layout-flex\">\n<div class=\"wp-block-column is-layout-flow wp-block-column-is-layout-flow\" style=\"flex-basis:100%\">\n<h2 class=\"wp-block-heading\">Teet\u00e4 muistOsi taiteeksi<\/h2>\n\n\n\n<p><\/p>\n\n\n\n<p>Piirr\u00e4n ja maalaan melkeinp\u00e4 mit\u00e4 vain. Yleisimpi\u00e4 aiheita ovat:<\/p>\n\n\n\n<div id=\"wp-block-themeisle-blocks-icon-list-f7ae23ec\" class=\"wp-block-themeisle-blocks-icon-list\">\n<div id=\"wp-block-themeisle-blocks-icon-list-item-878ff71c\" class=\"wp-block-themeisle-blocks-icon-list-item\"><i class=\"fas fa-check wp-block-themeisle-blocks-icon-list-item-icon\"><\/i><p class=\"wp-block-themeisle-blocks-icon-list-item-content\">Muotokuvat, niin ihmisist\u00e4 kuin el\u00e4imist\u00e4kin<\/p><\/div>\n\n\n\n<div id=\"wp-block-themeisle-blocks-icon-list-item-0a656020\" class=\"wp-block-themeisle-blocks-icon-list-item\"><i class=\"fas fa-check wp-block-themeisle-blocks-icon-list-item-icon\"><\/i><p class=\"wp-block-themeisle-blocks-icon-list-item-content\">Maisemakuvat<\/p><\/div>\n\n\n\n<div id=\"wp-block-themeisle-blocks-icon-list-item-f47fe4f3\" class=\"wp-block-themeisle-blocks-icon-list-item\"><i class=\"fas fa-check wp-block-themeisle-blocks-icon-list-item-icon\"><\/i><p class=\"wp-block-themeisle-blocks-icon-list-item-content\">Ajoneuvot<\/p><\/div>\n<\/div>\n\n\n\n<p>K\u00e4yt\u00e4n laajasti eri tekniikoita ja voin niit\u00e4 my\u00f6s yhdistell\u00e4. Esimerkiksi lyijykyn\u00e4piirroksiin voin asiakkaan niin halutessa lis\u00e4t\u00e4 v\u00e4ri\u00e4 joko v\u00e4rikynill\u00e4 tai pastelleilla. V\u00e4rikyn\u00e4teoksissa saatan lis\u00e4n\u00e4 k\u00e4ytt\u00e4\u00e4 pastelleja ja my\u00f6s toisinp\u00e4in. Minulta voi tilata siis teoksen tehtyn\u00e4 lyijykynill\u00e4, v\u00e4rikynill\u00e4 tai kuivapastelleilla tai n\u00e4iden yhdistelm\u00e4n\u00e4.<\/p>\n\n\n\n<p>K\u00e4yt\u00e4n vain laadukkaita taiteilijatasoisia materiaaleja.<\/p>\n\n\n\n<p><\/p>\n\n\n\n<div class=\"wp-block-buttons is-layout-flex wp-block-buttons-is-layout-flex\">\n<div class=\"wp-block-button\"><a class=\"wp-block-button__link wp-element-button\" href=\"https:\/\/www.janettelaxen.fi\/Tilaa%20muotokuva%20itselle%20tai%20lahjaksi\/?page_id=1307\">Kuvagalleria<\/a><\/div>\n\n\n\n<div class=\"wp-block-button\"><a class=\"wp-block-button__link wp-element-button\" href=\"https:\/\/www.janettelaxen.fi\/Tilaa%20muotokuva%20itselle%20tai%20lahjaksi\/?page_id=56\">Hinnat<\/a><\/div>\n\n\n\n<div class=\"wp-block-button\"><a class=\"wp-block-button__link wp-element-button\" href=\"https:\/\/www.janettelaxen.fi\/Tilaa%20muotokuva%20itselle%20tai%20lahjaksi\/?page_id=23\">Kuinka tilaat?<\/a><\/div>\n<\/div>\n\n\n\n<div class=\"wp-block-buttons is-layout-flex wp-block-buttons-is-layout-flex\">\n<div class=\"wp-block-button\"><a class=\"wp-block-button__link wp-element-button\" href=\"https:\/\/www.janettelaxen.fi\/Tilaa%20muotokuva%20itselle%20tai%20lahjaksi\/?page_id=27\">kysy Lis\u00e4\u00e4<\/a><\/div>\n\n\n\n<div class=\"wp-block-button\"><a class=\"wp-block-button__link wp-element-button\" href=\"https:\/\/www.janettelaxen.fi\/Tilaa%20muotokuva%20itselle%20tai%20lahjaksi\/?page_id=912\">Tietoa taiteilijasta<\/a><\/div>\n<\/div>\n\n\n\n<figure class=\"wp-block-image size-large\"><a href=\"https:\/\/www.janettelaxen.fi\/wp-content\/uploads\/2021\/04\/IMG_20201210_1132423-scaled.jpg\"><img loading=\"lazy\" decoding=\"async\" width=\"1024\" height=\"731\" src=\"https:\/\/www.janettelaxen.fi\/wp-content\/uploads\/2021\/04\/IMG_20201210_1132423-1024x731.jpg\" alt=\"Lyijykyn\u00e4piirros moottoripy\u00f6r\u00e4st\u00e4 hinta\" class=\"wp-image-1166\"\/><\/a><\/figure>\n<\/div>\n<\/div>\n<\/div>\n<\/div><\/div>\n\n\n\n<div id=\"wp-block-themeisle-blocks-advanced-columns-ccaba40d\" class=\"wp-block-themeisle-blocks-advanced-columns alignfull has-1-columns has-desktop-equal-layout has-tablet-equal-layout has-mobile-equal-layout has-vertical-unset has-dark-bg\"><div class=\"wp-block-themeisle-blocks-advanced-columns-overlay\"><\/div><div class=\"innerblocks-wrap\">\n<div id=\"wp-block-themeisle-blocks-advanced-column-4f653e0b\" class=\"wp-block-themeisle-blocks-advanced-column\">\n<div id=\"wp-block-themeisle-blocks-button-group-719d0f28\" class=\"wp-block-themeisle-blocks-button-group wp-block-buttons align-center\">\n<div id=\"wp-block-themeisle-blocks-button-9a660cfc\" class=\"wp-block-themeisle-blocks-button wp-block-button\"><a href=\"https:\/\/m.facebook.com\/JanetteLaxen\/?ref=bookmarks\" target=\"_self\" rel=\"noopener noreferrer\" class=\"wp-block-button__link\"><i class=\"fab fa-fw fa-facebook-f\"><\/i><\/a><\/div>\n\n\n\n<div id=\"wp-block-themeisle-blocks-button-8d0c418b\" class=\"wp-block-themeisle-blocks-button wp-block-button\"><a target=\"_self\" rel=\"noopener noreferrer\" class=\"wp-block-button__link\"><i class=\"fab fa-fw fa-instagram\"><\/i><\/a><\/div>\n<\/div>\n<\/div>\n<\/div><\/div>\n\n\n\n<p><\/p>\n","protected":false},"excerpt":{"rendered":"","protected":false},"author":1,"featured_media":0,"parent":0,"menu_order":0,"comment_status":"closed","ping_status":"closed","template":"","meta":{"neve_meta_sidebar":"full-width","neve_meta_container":"contained","neve_meta_enable_content_width":"on","neve_meta_content_width":100,"neve_meta_title_alignment":"","neve_meta_author_avatar":"","neve_post_elements_order":"","neve_meta_disable_header":"","neve_meta_disable_footer":"","neve_meta_disable_title":"","_themeisle_gutenberg_block_has_review":false,"footnotes":""},"class_list":["post-798","page","type-page","status-publish","hentry"],"yoast_head":"<!-- This site is optimized with the Yoast SEO plugin v26.2 - https:\/\/yoast.com\/wordpress\/plugins\/seo\/ -->\n<title>Teet\u00e4 muistot taiteeksi! Tilaa valokuvasta piirros - Art by Janette Laxen<\/title>\n<meta name=\"description\" content=\"Teet\u00e4 muistot taiteeksi! Tilaa rakkaasta ihmisest\u00e4 tai lemmikist\u00e4si muotokuvapiirros ! Piirr\u00e4n valokuvista my\u00f6s autoja, veneit\u00e4 ja moottoripy\u00f6ri\u00e4\" \/>\n<meta name=\"robots\" content=\"index, follow, max-snippet:-1, max-image-preview:large, max-video-preview:-1\" \/>\n<link rel=\"canonical\" href=\"https:\/\/www.janettelaxen.fi\/Tilaa%20muotokuva%20itselle%20tai%20lahjaksi\/\" \/>\n<meta property=\"og:locale\" content=\"fi_FI\" \/>\n<meta property=\"og:type\" content=\"article\" \/>\n<meta property=\"og:title\" content=\"Teet\u00e4 muistot taiteeksi! Tilaa valokuvasta piirros - Art by Janette Laxen\" \/>\n<meta property=\"og:description\" content=\"Teet\u00e4 muistot taiteeksi! Tilaa rakkaasta ihmisest\u00e4 tai lemmikist\u00e4si muotokuvapiirros ! Piirr\u00e4n valokuvista my\u00f6s autoja, veneit\u00e4 ja moottoripy\u00f6ri\u00e4\" \/>\n<meta property=\"og:url\" content=\"https:\/\/www.janettelaxen.fi\/Tilaa muotokuva itselle tai lahjaksi\/\" \/>\n<meta property=\"og:site_name\" content=\"Art by Janette Laxen\" \/>\n<meta property=\"article:publisher\" content=\"https:\/\/m.facebook.com\/JanetteLaxen\/?ref=bookmarks\" \/>\n<meta property=\"article:modified_time\" content=\"2024-12-29T09:58:19+00:00\" \/>\n<meta property=\"og:image\" content=\"https:\/\/www.janettelaxen.fi\/wp-content\/uploads\/2021\/04\/IMG_20201210_1132423-scaled-e1618053289351.jpg\" \/>\n\t<meta property=\"og:image:width\" content=\"1000\" \/>\n\t<meta property=\"og:image:height\" content=\"714\" \/>\n\t<meta property=\"og:image:type\" content=\"image\/jpeg\" \/>\n<meta name=\"twitter:card\" content=\"summary_large_image\" \/>\n<meta name=\"twitter:label1\" content=\"Arvioitu lukuaika\" \/>\n\t<meta name=\"twitter:data1\" content=\"1 minuutti\" \/>\n<script type=\"application\/ld+json\" class=\"yoast-schema-graph\">{\"@context\":\"https:\/\/schema.org\",\"@graph\":[{\"@type\":\"WebPage\",\"@id\":\"https:\/\/www.janettelaxen.fi\/Tilaa%20muotokuva%20itselle%20tai%20lahjaksi\/\",\"url\":\"https:\/\/www.janettelaxen.fi\/Tilaa%20muotokuva%20itselle%20tai%20lahjaksi\/\",\"name\":\"Teet\u00e4 muistot taiteeksi! Tilaa valokuvasta piirros - Art by Janette Laxen\",\"isPartOf\":{\"@id\":\"https:\/\/www.janettelaxen.fi\/Tilaa%20muotokuva%20itselle%20tai%20lahjaksi\/#website\"},\"primaryImageOfPage\":{\"@id\":\"https:\/\/www.janettelaxen.fi\/Tilaa%20muotokuva%20itselle%20tai%20lahjaksi\/#primaryimage\"},\"image\":{\"@id\":\"https:\/\/www.janettelaxen.fi\/Tilaa%20muotokuva%20itselle%20tai%20lahjaksi\/#primaryimage\"},\"thumbnailUrl\":\"https:\/\/www.janettelaxen.fi\/wp-content\/uploads\/2021\/04\/IMG_20201210_1132423-1024x731.jpg\",\"datePublished\":\"2020-03-23T11:30:41+00:00\",\"dateModified\":\"2024-12-29T09:58:19+00:00\",\"description\":\"Teet\u00e4 muistot taiteeksi! Tilaa rakkaasta ihmisest\u00e4 tai lemmikist\u00e4si muotokuvapiirros ! Piirr\u00e4n valokuvista my\u00f6s autoja, veneit\u00e4 ja moottoripy\u00f6ri\u00e4\",\"breadcrumb\":{\"@id\":\"https:\/\/www.janettelaxen.fi\/Tilaa%20muotokuva%20itselle%20tai%20lahjaksi\/#breadcrumb\"},\"inLanguage\":\"fi\",\"potentialAction\":[{\"@type\":\"ReadAction\",\"target\":[\"https:\/\/www.janettelaxen.fi\/Tilaa%20muotokuva%20itselle%20tai%20lahjaksi\/\"]}]},{\"@type\":\"ImageObject\",\"inLanguage\":\"fi\",\"@id\":\"https:\/\/www.janettelaxen.fi\/Tilaa%20muotokuva%20itselle%20tai%20lahjaksi\/#primaryimage\",\"url\":\"https:\/\/www.janettelaxen.fi\/wp-content\/uploads\/2021\/04\/IMG_20201210_1132423-1024x731.jpg\",\"contentUrl\":\"https:\/\/www.janettelaxen.fi\/wp-content\/uploads\/2021\/04\/IMG_20201210_1132423-1024x731.jpg\"},{\"@type\":\"BreadcrumbList\",\"@id\":\"https:\/\/www.janettelaxen.fi\/Tilaa%20muotokuva%20itselle%20tai%20lahjaksi\/#breadcrumb\",\"itemListElement\":[{\"@type\":\"ListItem\",\"position\":1,\"name\":\"Etusivu\",\"item\":\"https:\/\/www.janettelaxen.fi\/Tilaa%20muotokuva%20itselle%20tai%20lahjaksi\/\"},{\"@type\":\"ListItem\",\"position\":2,\"name\":\"ETUSIVU\"}]},{\"@type\":\"WebSite\",\"@id\":\"https:\/\/www.janettelaxen.fi\/Tilaa%20muotokuva%20itselle%20tai%20lahjaksi\/#website\",\"url\":\"https:\/\/www.janettelaxen.fi\/Tilaa%20muotokuva%20itselle%20tai%20lahjaksi\/\",\"name\":\"Art by Janette Laxen\",\"description\":\"\",\"publisher\":{\"@id\":\"https:\/\/www.janettelaxen.fi\/Tilaa%20muotokuva%20itselle%20tai%20lahjaksi\/#organization\"},\"potentialAction\":[{\"@type\":\"SearchAction\",\"target\":{\"@type\":\"EntryPoint\",\"urlTemplate\":\"https:\/\/www.janettelaxen.fi\/Tilaa%20muotokuva%20itselle%20tai%20lahjaksi\/?s={search_term_string}\"},\"query-input\":{\"@type\":\"PropertyValueSpecification\",\"valueRequired\":true,\"valueName\":\"search_term_string\"}}],\"inLanguage\":\"fi\"},{\"@type\":\"Organization\",\"@id\":\"https:\/\/www.janettelaxen.fi\/Tilaa%20muotokuva%20itselle%20tai%20lahjaksi\/#organization\",\"name\":\"Janette Laxen art\",\"url\":\"https:\/\/www.janettelaxen.fi\/Tilaa%20muotokuva%20itselle%20tai%20lahjaksi\/\",\"logo\":{\"@type\":\"ImageObject\",\"inLanguage\":\"fi\",\"@id\":\"https:\/\/www.janettelaxen.fi\/Tilaa%20muotokuva%20itselle%20tai%20lahjaksi\/#\/schema\/logo\/image\/\",\"url\":\"https:\/\/www.janettelaxen.fi\/wp-content\/uploads\/2021\/03\/121304486_117288050147335_9188714198852694627_o-e1616617409820.jpg\",\"contentUrl\":\"https:\/\/www.janettelaxen.fi\/wp-content\/uploads\/2021\/03\/121304486_117288050147335_9188714198852694627_o-e1616617409820.jpg\",\"width\":60,\"height\":61,\"caption\":\"Janette Laxen art\"},\"image\":{\"@id\":\"https:\/\/www.janettelaxen.fi\/Tilaa%20muotokuva%20itselle%20tai%20lahjaksi\/#\/schema\/logo\/image\/\"},\"sameAs\":[\"https:\/\/m.facebook.com\/JanetteLaxen\/?ref=bookmarks\",\"https:\/\/www.instagram.com\/janettelaxen.art\/\"]}]}<\/script>\n<!-- \/ Yoast SEO plugin. -->","yoast_head_json":{"title":"Teet\u00e4 muistot taiteeksi! Tilaa valokuvasta piirros - Art by Janette Laxen","description":"Teet\u00e4 muistot taiteeksi! Tilaa rakkaasta ihmisest\u00e4 tai lemmikist\u00e4si muotokuvapiirros ! Piirr\u00e4n valokuvista my\u00f6s autoja, veneit\u00e4 ja moottoripy\u00f6ri\u00e4","robots":{"index":"index","follow":"follow","max-snippet":"max-snippet:-1","max-image-preview":"max-image-preview:large","max-video-preview":"max-video-preview:-1"},"canonical":"https:\/\/www.janettelaxen.fi\/Tilaa muotokuva itselle tai lahjaksi\/","og_locale":"fi_FI","og_type":"article","og_title":"Teet\u00e4 muistot taiteeksi! Tilaa valokuvasta piirros - Art by Janette Laxen","og_description":"Teet\u00e4 muistot taiteeksi! Tilaa rakkaasta ihmisest\u00e4 tai lemmikist\u00e4si muotokuvapiirros ! Piirr\u00e4n valokuvista my\u00f6s autoja, veneit\u00e4 ja moottoripy\u00f6ri\u00e4","og_url":"https:\/\/www.janettelaxen.fi\/Tilaa muotokuva itselle tai lahjaksi\/","og_site_name":"Art by Janette Laxen","article_publisher":"https:\/\/m.facebook.com\/JanetteLaxen\/?ref=bookmarks","article_modified_time":"2024-12-29T09:58:19+00:00","og_image":[{"width":1000,"height":714,"url":"https:\/\/www.janettelaxen.fi\/wp-content\/uploads\/2021\/04\/IMG_20201210_1132423-scaled-e1618053289351.jpg","type":"image\/jpeg"}],"twitter_card":"summary_large_image","twitter_misc":{"Arvioitu lukuaika":"1 minuutti"},"schema":{"@context":"https:\/\/schema.org","@graph":[{"@type":"WebPage","@id":"https:\/\/www.janettelaxen.fi\/Tilaa%20muotokuva%20itselle%20tai%20lahjaksi\/","url":"https:\/\/www.janettelaxen.fi\/Tilaa%20muotokuva%20itselle%20tai%20lahjaksi\/","name":"Teet\u00e4 muistot taiteeksi! Tilaa valokuvasta piirros - Art by Janette Laxen","isPartOf":{"@id":"https:\/\/www.janettelaxen.fi\/Tilaa%20muotokuva%20itselle%20tai%20lahjaksi\/#website"},"primaryImageOfPage":{"@id":"https:\/\/www.janettelaxen.fi\/Tilaa%20muotokuva%20itselle%20tai%20lahjaksi\/#primaryimage"},"image":{"@id":"https:\/\/www.janettelaxen.fi\/Tilaa%20muotokuva%20itselle%20tai%20lahjaksi\/#primaryimage"},"thumbnailUrl":"https:\/\/www.janettelaxen.fi\/wp-content\/uploads\/2021\/04\/IMG_20201210_1132423-1024x731.jpg","datePublished":"2020-03-23T11:30:41+00:00","dateModified":"2024-12-29T09:58:19+00:00","description":"Teet\u00e4 muistot taiteeksi! Tilaa rakkaasta ihmisest\u00e4 tai lemmikist\u00e4si muotokuvapiirros ! Piirr\u00e4n valokuvista my\u00f6s autoja, veneit\u00e4 ja moottoripy\u00f6ri\u00e4","breadcrumb":{"@id":"https:\/\/www.janettelaxen.fi\/Tilaa%20muotokuva%20itselle%20tai%20lahjaksi\/#breadcrumb"},"inLanguage":"fi","potentialAction":[{"@type":"ReadAction","target":["https:\/\/www.janettelaxen.fi\/Tilaa%20muotokuva%20itselle%20tai%20lahjaksi\/"]}]},{"@type":"ImageObject","inLanguage":"fi","@id":"https:\/\/www.janettelaxen.fi\/Tilaa%20muotokuva%20itselle%20tai%20lahjaksi\/#primaryimage","url":"https:\/\/www.janettelaxen.fi\/wp-content\/uploads\/2021\/04\/IMG_20201210_1132423-1024x731.jpg","contentUrl":"https:\/\/www.janettelaxen.fi\/wp-content\/uploads\/2021\/04\/IMG_20201210_1132423-1024x731.jpg"},{"@type":"BreadcrumbList","@id":"https:\/\/www.janettelaxen.fi\/Tilaa%20muotokuva%20itselle%20tai%20lahjaksi\/#breadcrumb","itemListElement":[{"@type":"ListItem","position":1,"name":"Etusivu","item":"https:\/\/www.janettelaxen.fi\/Tilaa%20muotokuva%20itselle%20tai%20lahjaksi\/"},{"@type":"ListItem","position":2,"name":"ETUSIVU"}]},{"@type":"WebSite","@id":"https:\/\/www.janettelaxen.fi\/Tilaa%20muotokuva%20itselle%20tai%20lahjaksi\/#website","url":"https:\/\/www.janettelaxen.fi\/Tilaa%20muotokuva%20itselle%20tai%20lahjaksi\/","name":"Art by Janette Laxen","description":"","publisher":{"@id":"https:\/\/www.janettelaxen.fi\/Tilaa%20muotokuva%20itselle%20tai%20lahjaksi\/#organization"},"potentialAction":[{"@type":"SearchAction","target":{"@type":"EntryPoint","urlTemplate":"https:\/\/www.janettelaxen.fi\/Tilaa%20muotokuva%20itselle%20tai%20lahjaksi\/?s={search_term_string}"},"query-input":{"@type":"PropertyValueSpecification","valueRequired":true,"valueName":"search_term_string"}}],"inLanguage":"fi"},{"@type":"Organization","@id":"https:\/\/www.janettelaxen.fi\/Tilaa%20muotokuva%20itselle%20tai%20lahjaksi\/#organization","name":"Janette Laxen art","url":"https:\/\/www.janettelaxen.fi\/Tilaa%20muotokuva%20itselle%20tai%20lahjaksi\/","logo":{"@type":"ImageObject","inLanguage":"fi","@id":"https:\/\/www.janettelaxen.fi\/Tilaa%20muotokuva%20itselle%20tai%20lahjaksi\/#\/schema\/logo\/image\/","url":"https:\/\/www.janettelaxen.fi\/wp-content\/uploads\/2021\/03\/121304486_117288050147335_9188714198852694627_o-e1616617409820.jpg","contentUrl":"https:\/\/www.janettelaxen.fi\/wp-content\/uploads\/2021\/03\/121304486_117288050147335_9188714198852694627_o-e1616617409820.jpg","width":60,"height":61,"caption":"Janette Laxen art"},"image":{"@id":"https:\/\/www.janettelaxen.fi\/Tilaa%20muotokuva%20itselle%20tai%20lahjaksi\/#\/schema\/logo\/image\/"},"sameAs":["https:\/\/m.facebook.com\/JanetteLaxen\/?ref=bookmarks","https:\/\/www.instagram.com\/janettelaxen.art\/"]}]}},"_links":{"self":[{"href":"https:\/\/www.janettelaxen.fi\/Tilaa%20muotokuva%20itselle%20tai%20lahjaksi\/index.php?rest_route=\/wp\/v2\/pages\/798","targetHints":{"allow":["GET"]}}],"collection":[{"href":"https:\/\/www.janettelaxen.fi\/Tilaa%20muotokuva%20itselle%20tai%20lahjaksi\/index.php?rest_route=\/wp\/v2\/pages"}],"about":[{"href":"https:\/\/www.janettelaxen.fi\/Tilaa%20muotokuva%20itselle%20tai%20lahjaksi\/index.php?rest_route=\/wp\/v2\/types\/page"}],"author":[{"embeddable":true,"href":"https:\/\/www.janettelaxen.fi\/Tilaa%20muotokuva%20itselle%20tai%20lahjaksi\/index.php?rest_route=\/wp\/v2\/users\/1"}],"replies":[{"embeddable":true,"href":"https:\/\/www.janettelaxen.fi\/Tilaa%20muotokuva%20itselle%20tai%20lahjaksi\/index.php?rest_route=%2Fwp%2Fv2%2Fcomments&post=798"}],"version-history":[{"count":64,"href":"https:\/\/www.janettelaxen.fi\/Tilaa%20muotokuva%20itselle%20tai%20lahjaksi\/index.php?rest_route=\/wp\/v2\/pages\/798\/revisions"}],"predecessor-version":[{"id":1638,"href":"https:\/\/www.janettelaxen.fi\/Tilaa%20muotokuva%20itselle%20tai%20lahjaksi\/index.php?rest_route=\/wp\/v2\/pages\/798\/revisions\/1638"}],"wp:attachment":[{"href":"https:\/\/www.janettelaxen.fi\/Tilaa%20muotokuva%20itselle%20tai%20lahjaksi\/index.php?rest_route=%2Fwp%2Fv2%2Fmedia&parent=798"}],"curies":[{"name":"wp","href":"https:\/\/api.w.org\/{rel}","templated":true}]}}