{"id":912,"date":"2021-04-02T16:54:25","date_gmt":"2021-04-02T16:54:25","guid":{"rendered":"https:\/\/www.janettelaxen.fi\/?page_id=912"},"modified":"2023-02-04T08:34:06","modified_gmt":"2023-02-04T08:34:06","slug":"tietoa-taiteilijasta-2","status":"publish","type":"page","link":"https:\/\/www.janettelaxen.fi\/Tilaa%20muotokuva%20itselle%20tai%20lahjaksi\/?page_id=912","title":{"rendered":"Tietoa taiteilijasta"},"content":{"rendered":"\n<div id=\"wp-block-themeisle-blocks-advanced-columns-972d25d2\" class=\"wp-block-themeisle-blocks-advanced-columns has-2-columns has-desktop-equal-layout has-tablet-equal-layout has-mobile-collapsedRows-layout has-vertical-unset has-default-gap\"><div class=\"wp-block-themeisle-blocks-advanced-columns-overlay\"><\/div><div class=\"innerblocks-wrap\">\n<div id=\"wp-block-themeisle-blocks-advanced-column-60a70315\" class=\"wp-block-themeisle-blocks-advanced-column\">\n<p>Olen vuonna 1995 syntynyt itseoppinut taiteilija Etel\u00e4-Suomesta. Piirt\u00e4minen on aina ollut l\u00e4hell\u00e4 syd\u00e4nt\u00e4 ja niin kauan kuin muistan on kyn\u00e4 ollut k\u00e4dess\u00e4.<\/p>\n<\/div>\n\n\n\n<div id=\"wp-block-themeisle-blocks-advanced-column-241e7b85\" class=\"wp-block-themeisle-blocks-advanced-column\">\n<figure class=\"wp-block-image size-large\"><a href=\"https:\/\/www.janettelaxen.fi\/wp-content\/uploads\/2021\/04\/121331161_118499906692816_251155191872514666_n-e1617702727316.jpg\"><img decoding=\"async\" src=\"https:\/\/www.janettelaxen.fi\/wp-content\/uploads\/2021\/04\/121331161_118499906692816_251155191872514666_n-e1617702531239-720x1024.jpg\" alt=\"\" class=\"wp-image-953\"\/><\/a><figcaption class=\"wp-element-caption\"><mark style=\"background-color:rgba(0, 0, 0, 0)\" class=\"has-inline-color has-neve-text-color-color\">Tauon j\u00e4lkeen toinen piirros. <\/mark><\/figcaption><\/figure>\n<\/div>\n<\/div><\/div>\n\n\n\n<div class=\"wp-block-columns is-layout-flex wp-container-core-columns-is-layout-9d6595d7 wp-block-columns-is-layout-flex\">\n<div class=\"wp-block-column is-layout-flow wp-block-column-is-layout-flow\" style=\"flex-basis:100%\">\n<div class=\"wp-block-group\"><div class=\"wp-block-group__inner-container is-layout-flow wp-block-group-is-layout-flow\">\n<figure class=\"wp-block-gallery has-nested-images columns-default is-cropped wp-block-gallery-1 is-layout-flex wp-block-gallery-is-layout-flex\">\n<figure class=\"wp-block-image size-large\"><a href=\"https:\/\/www.janettelaxen.fi\/wp-content\/uploads\/2021\/04\/1496355_10200351785675128_2922325371728625208_o.jpg\"><img loading=\"lazy\" decoding=\"async\" width=\"576\" height=\"1024\" data-id=\"920\" src=\"https:\/\/www.janettelaxen.fi\/wp-content\/uploads\/2021\/04\/1496355_10200351785675128_2922325371728625208_o-576x1024.jpg\" alt=\"\" class=\"wp-image-920\" srcset=\"https:\/\/www.janettelaxen.fi\/wp-content\/uploads\/2021\/04\/1496355_10200351785675128_2922325371728625208_o-576x1024.jpg 576w, https:\/\/www.janettelaxen.fi\/wp-content\/uploads\/2021\/04\/1496355_10200351785675128_2922325371728625208_o-169x300.jpg 169w, https:\/\/www.janettelaxen.fi\/wp-content\/uploads\/2021\/04\/1496355_10200351785675128_2922325371728625208_o-600x1067.jpg 600w, https:\/\/www.janettelaxen.fi\/wp-content\/uploads\/2021\/04\/1496355_10200351785675128_2922325371728625208_o.jpg 720w\" sizes=\"auto, (max-width: 576px) 100vw, 576px\" \/><\/a><figcaption class=\"wp-element-caption\">2016 <\/figcaption><\/figure>\n\n\n\n<figure class=\"wp-block-image size-large\"><a href=\"https:\/\/www.janettelaxen.fi\/wp-content\/uploads\/2021\/03\/121263414_117260656816741_1418126012662836106_o-e1618054423941.jpg\"><img loading=\"lazy\" decoding=\"async\" width=\"576\" height=\"1024\" data-id=\"73\" src=\"https:\/\/www.janettelaxen.fi\/wp-content\/uploads\/2021\/03\/121263414_117260656816741_1418126012662836106_o-576x1024.jpg\" alt=\"\" class=\"wp-image-73\"\/><\/a><figcaption class=\"wp-element-caption\">2019-2020 sama koira kun viereisess\u00e4 kuvassa<\/figcaption><\/figure>\n<\/figure>\n<\/div><\/div>\n<\/div>\n<\/div>\n\n\n\n<div class=\"wp-block-buttons is-layout-flex wp-block-buttons-is-layout-flex\">\n<div class=\"wp-block-button\"><a class=\"wp-block-button__link wp-element-button\" href=\"https:\/\/www.janettelaxen.fi\/Tilaa%20muotokuva%20itselle%20tai%20lahjaksi\/\">Etusivu<\/a><\/div>\n\n\n\n<div class=\"wp-block-button\"><a class=\"wp-block-button__link wp-element-button\">Kuvagalleria<\/a><\/div>\n\n\n\n<div class=\"wp-block-button\"><a class=\"wp-block-button__link wp-element-button\" href=\"https:\/\/www.janettelaxen.fi\/Tilaa%20muotokuva%20itselle%20tai%20lahjaksi\/?page_id=56\">Hinnat<\/a><\/div>\n<\/div>\n\n\n\n<div class=\"wp-block-buttons is-layout-flex wp-block-buttons-is-layout-flex\">\n<div class=\"wp-block-button\"><a class=\"wp-block-button__link wp-element-button\" href=\"https:\/\/www.janettelaxen.fi\/Tilaa%20muotokuva%20itselle%20tai%20lahjaksi\/?page_id=23\">Kuinka tilaat?<\/a><\/div>\n\n\n\n<div class=\"wp-block-button\"><a class=\"wp-block-button__link wp-element-button\" href=\"https:\/\/www.janettelaxen.fi\/Tilaa%20muotokuva%20itselle%20tai%20lahjaksi\/?page_id=27\">Yhteystiedot<\/a><\/div>\n<\/div>\n","protected":false},"excerpt":{"rendered":"","protected":false},"author":1,"featured_media":0,"parent":0,"menu_order":0,"comment_status":"closed","ping_status":"closed","template":"","meta":{"neve_meta_sidebar":"full-width","neve_meta_container":"","neve_meta_enable_content_width":"on","neve_meta_content_width":100,"neve_meta_title_alignment":"","neve_meta_author_avatar":"","neve_post_elements_order":"","neve_meta_disable_header":"","neve_meta_disable_footer":"","neve_meta_disable_title":"","_themeisle_gutenberg_block_has_review":false,"footnotes":""},"class_list":["post-912","page","type-page","status-publish","hentry"],"yoast_head":"<!-- This site is optimized with the Yoast SEO plugin v26.2 - https:\/\/yoast.com\/wordpress\/plugins\/seo\/ -->\n<title>Tietoa taiteilijasta - Art by Janette Laxen<\/title>\n<meta name=\"robots\" content=\"index, follow, max-snippet:-1, max-image-preview:large, max-video-preview:-1\" \/>\n<link rel=\"canonical\" href=\"https:\/\/www.janettelaxen.fi\/Tilaa%20muotokuva%20itselle%20tai%20lahjaksi\/?page_id=912\" \/>\n<meta property=\"og:locale\" content=\"fi_FI\" \/>\n<meta property=\"og:type\" content=\"article\" \/>\n<meta property=\"og:title\" content=\"Tietoa taiteilijasta - Art by Janette Laxen\" \/>\n<meta property=\"og:url\" content=\"https:\/\/www.janettelaxen.fi\/Tilaa muotokuva itselle tai lahjaksi\/?page_id=912\" \/>\n<meta property=\"og:site_name\" content=\"Art by Janette Laxen\" \/>\n<meta property=\"article:publisher\" content=\"https:\/\/m.facebook.com\/JanetteLaxen\/?ref=bookmarks\" \/>\n<meta property=\"article:modified_time\" content=\"2023-02-04T08:34:06+00:00\" \/>\n<meta property=\"og:image\" content=\"https:\/\/www.janettelaxen.fi\/wp-content\/uploads\/2021\/04\/121331161_118499906692816_251155191872514666_n-e1617702531239-720x1024.jpg\" \/>\n<meta name=\"twitter:card\" content=\"summary_large_image\" \/>\n<meta name=\"twitter:label1\" content=\"Arvioitu lukuaika\" \/>\n\t<meta name=\"twitter:data1\" content=\"1 minuutti\" \/>\n<script type=\"application\/ld+json\" class=\"yoast-schema-graph\">{\"@context\":\"https:\/\/schema.org\",\"@graph\":[{\"@type\":\"WebPage\",\"@id\":\"https:\/\/www.janettelaxen.fi\/Tilaa%20muotokuva%20itselle%20tai%20lahjaksi\/?page_id=912\",\"url\":\"https:\/\/www.janettelaxen.fi\/Tilaa%20muotokuva%20itselle%20tai%20lahjaksi\/?page_id=912\",\"name\":\"Tietoa taiteilijasta - Art by Janette Laxen\",\"isPartOf\":{\"@id\":\"https:\/\/www.janettelaxen.fi\/Tilaa%20muotokuva%20itselle%20tai%20lahjaksi\/#website\"},\"primaryImageOfPage\":{\"@id\":\"https:\/\/www.janettelaxen.fi\/Tilaa%20muotokuva%20itselle%20tai%20lahjaksi\/?page_id=912#primaryimage\"},\"image\":{\"@id\":\"https:\/\/www.janettelaxen.fi\/Tilaa%20muotokuva%20itselle%20tai%20lahjaksi\/?page_id=912#primaryimage\"},\"thumbnailUrl\":\"https:\/\/www.janettelaxen.fi\/wp-content\/uploads\/2021\/04\/121331161_118499906692816_251155191872514666_n-e1617702531239-720x1024.jpg\",\"datePublished\":\"2021-04-02T16:54:25+00:00\",\"dateModified\":\"2023-02-04T08:34:06+00:00\",\"breadcrumb\":{\"@id\":\"https:\/\/www.janettelaxen.fi\/Tilaa%20muotokuva%20itselle%20tai%20lahjaksi\/?page_id=912#breadcrumb\"},\"inLanguage\":\"fi\",\"potentialAction\":[{\"@type\":\"ReadAction\",\"target\":[\"https:\/\/www.janettelaxen.fi\/Tilaa%20muotokuva%20itselle%20tai%20lahjaksi\/?page_id=912\"]}]},{\"@type\":\"ImageObject\",\"inLanguage\":\"fi\",\"@id\":\"https:\/\/www.janettelaxen.fi\/Tilaa%20muotokuva%20itselle%20tai%20lahjaksi\/?page_id=912#primaryimage\",\"url\":\"https:\/\/www.janettelaxen.fi\/wp-content\/uploads\/2021\/04\/121331161_118499906692816_251155191872514666_n-e1617702531239-720x1024.jpg\",\"contentUrl\":\"https:\/\/www.janettelaxen.fi\/wp-content\/uploads\/2021\/04\/121331161_118499906692816_251155191872514666_n-e1617702531239-720x1024.jpg\"},{\"@type\":\"BreadcrumbList\",\"@id\":\"https:\/\/www.janettelaxen.fi\/Tilaa%20muotokuva%20itselle%20tai%20lahjaksi\/?page_id=912#breadcrumb\",\"itemListElement\":[{\"@type\":\"ListItem\",\"position\":1,\"name\":\"Etusivu\",\"item\":\"https:\/\/www.janettelaxen.fi\/Tilaa%20muotokuva%20itselle%20tai%20lahjaksi\/\"},{\"@type\":\"ListItem\",\"position\":2,\"name\":\"Tietoa taiteilijasta\"}]},{\"@type\":\"WebSite\",\"@id\":\"https:\/\/www.janettelaxen.fi\/Tilaa%20muotokuva%20itselle%20tai%20lahjaksi\/#website\",\"url\":\"https:\/\/www.janettelaxen.fi\/Tilaa%20muotokuva%20itselle%20tai%20lahjaksi\/\",\"name\":\"Art by Janette Laxen\",\"description\":\"\",\"publisher\":{\"@id\":\"https:\/\/www.janettelaxen.fi\/Tilaa%20muotokuva%20itselle%20tai%20lahjaksi\/#organization\"},\"potentialAction\":[{\"@type\":\"SearchAction\",\"target\":{\"@type\":\"EntryPoint\",\"urlTemplate\":\"https:\/\/www.janettelaxen.fi\/Tilaa%20muotokuva%20itselle%20tai%20lahjaksi\/?s={search_term_string}\"},\"query-input\":{\"@type\":\"PropertyValueSpecification\",\"valueRequired\":true,\"valueName\":\"search_term_string\"}}],\"inLanguage\":\"fi\"},{\"@type\":\"Organization\",\"@id\":\"https:\/\/www.janettelaxen.fi\/Tilaa%20muotokuva%20itselle%20tai%20lahjaksi\/#organization\",\"name\":\"Janette Laxen art\",\"url\":\"https:\/\/www.janettelaxen.fi\/Tilaa%20muotokuva%20itselle%20tai%20lahjaksi\/\",\"logo\":{\"@type\":\"ImageObject\",\"inLanguage\":\"fi\",\"@id\":\"https:\/\/www.janettelaxen.fi\/Tilaa%20muotokuva%20itselle%20tai%20lahjaksi\/#\/schema\/logo\/image\/\",\"url\":\"https:\/\/www.janettelaxen.fi\/wp-content\/uploads\/2021\/03\/121304486_117288050147335_9188714198852694627_o-e1616617409820.jpg\",\"contentUrl\":\"https:\/\/www.janettelaxen.fi\/wp-content\/uploads\/2021\/03\/121304486_117288050147335_9188714198852694627_o-e1616617409820.jpg\",\"width\":60,\"height\":61,\"caption\":\"Janette Laxen art\"},\"image\":{\"@id\":\"https:\/\/www.janettelaxen.fi\/Tilaa%20muotokuva%20itselle%20tai%20lahjaksi\/#\/schema\/logo\/image\/\"},\"sameAs\":[\"https:\/\/m.facebook.com\/JanetteLaxen\/?ref=bookmarks\",\"https:\/\/www.instagram.com\/janettelaxen.art\/\"]}]}<\/script>\n<!-- \/ Yoast SEO plugin. -->","yoast_head_json":{"title":"Tietoa taiteilijasta - Art by Janette Laxen","robots":{"index":"index","follow":"follow","max-snippet":"max-snippet:-1","max-image-preview":"max-image-preview:large","max-video-preview":"max-video-preview:-1"},"canonical":"https:\/\/www.janettelaxen.fi\/Tilaa muotokuva itselle tai lahjaksi\/?page_id=912","og_locale":"fi_FI","og_type":"article","og_title":"Tietoa taiteilijasta - Art by Janette Laxen","og_url":"https:\/\/www.janettelaxen.fi\/Tilaa muotokuva itselle tai lahjaksi\/?page_id=912","og_site_name":"Art by Janette Laxen","article_publisher":"https:\/\/m.facebook.com\/JanetteLaxen\/?ref=bookmarks","article_modified_time":"2023-02-04T08:34:06+00:00","og_image":[{"url":"https:\/\/www.janettelaxen.fi\/wp-content\/uploads\/2021\/04\/121331161_118499906692816_251155191872514666_n-e1617702531239-720x1024.jpg","type":"","width":"","height":""}],"twitter_card":"summary_large_image","twitter_misc":{"Arvioitu lukuaika":"1 minuutti"},"schema":{"@context":"https:\/\/schema.org","@graph":[{"@type":"WebPage","@id":"https:\/\/www.janettelaxen.fi\/Tilaa%20muotokuva%20itselle%20tai%20lahjaksi\/?page_id=912","url":"https:\/\/www.janettelaxen.fi\/Tilaa%20muotokuva%20itselle%20tai%20lahjaksi\/?page_id=912","name":"Tietoa taiteilijasta - Art by Janette Laxen","isPartOf":{"@id":"https:\/\/www.janettelaxen.fi\/Tilaa%20muotokuva%20itselle%20tai%20lahjaksi\/#website"},"primaryImageOfPage":{"@id":"https:\/\/www.janettelaxen.fi\/Tilaa%20muotokuva%20itselle%20tai%20lahjaksi\/?page_id=912#primaryimage"},"image":{"@id":"https:\/\/www.janettelaxen.fi\/Tilaa%20muotokuva%20itselle%20tai%20lahjaksi\/?page_id=912#primaryimage"},"thumbnailUrl":"https:\/\/www.janettelaxen.fi\/wp-content\/uploads\/2021\/04\/121331161_118499906692816_251155191872514666_n-e1617702531239-720x1024.jpg","datePublished":"2021-04-02T16:54:25+00:00","dateModified":"2023-02-04T08:34:06+00:00","breadcrumb":{"@id":"https:\/\/www.janettelaxen.fi\/Tilaa%20muotokuva%20itselle%20tai%20lahjaksi\/?page_id=912#breadcrumb"},"inLanguage":"fi","potentialAction":[{"@type":"ReadAction","target":["https:\/\/www.janettelaxen.fi\/Tilaa%20muotokuva%20itselle%20tai%20lahjaksi\/?page_id=912"]}]},{"@type":"ImageObject","inLanguage":"fi","@id":"https:\/\/www.janettelaxen.fi\/Tilaa%20muotokuva%20itselle%20tai%20lahjaksi\/?page_id=912#primaryimage","url":"https:\/\/www.janettelaxen.fi\/wp-content\/uploads\/2021\/04\/121331161_118499906692816_251155191872514666_n-e1617702531239-720x1024.jpg","contentUrl":"https:\/\/www.janettelaxen.fi\/wp-content\/uploads\/2021\/04\/121331161_118499906692816_251155191872514666_n-e1617702531239-720x1024.jpg"},{"@type":"BreadcrumbList","@id":"https:\/\/www.janettelaxen.fi\/Tilaa%20muotokuva%20itselle%20tai%20lahjaksi\/?page_id=912#breadcrumb","itemListElement":[{"@type":"ListItem","position":1,"name":"Etusivu","item":"https:\/\/www.janettelaxen.fi\/Tilaa%20muotokuva%20itselle%20tai%20lahjaksi\/"},{"@type":"ListItem","position":2,"name":"Tietoa taiteilijasta"}]},{"@type":"WebSite","@id":"https:\/\/www.janettelaxen.fi\/Tilaa%20muotokuva%20itselle%20tai%20lahjaksi\/#website","url":"https:\/\/www.janettelaxen.fi\/Tilaa%20muotokuva%20itselle%20tai%20lahjaksi\/","name":"Art by Janette Laxen","description":"","publisher":{"@id":"https:\/\/www.janettelaxen.fi\/Tilaa%20muotokuva%20itselle%20tai%20lahjaksi\/#organization"},"potentialAction":[{"@type":"SearchAction","target":{"@type":"EntryPoint","urlTemplate":"https:\/\/www.janettelaxen.fi\/Tilaa%20muotokuva%20itselle%20tai%20lahjaksi\/?s={search_term_string}"},"query-input":{"@type":"PropertyValueSpecification","valueRequired":true,"valueName":"search_term_string"}}],"inLanguage":"fi"},{"@type":"Organization","@id":"https:\/\/www.janettelaxen.fi\/Tilaa%20muotokuva%20itselle%20tai%20lahjaksi\/#organization","name":"Janette Laxen art","url":"https:\/\/www.janettelaxen.fi\/Tilaa%20muotokuva%20itselle%20tai%20lahjaksi\/","logo":{"@type":"ImageObject","inLanguage":"fi","@id":"https:\/\/www.janettelaxen.fi\/Tilaa%20muotokuva%20itselle%20tai%20lahjaksi\/#\/schema\/logo\/image\/","url":"https:\/\/www.janettelaxen.fi\/wp-content\/uploads\/2021\/03\/121304486_117288050147335_9188714198852694627_o-e1616617409820.jpg","contentUrl":"https:\/\/www.janettelaxen.fi\/wp-content\/uploads\/2021\/03\/121304486_117288050147335_9188714198852694627_o-e1616617409820.jpg","width":60,"height":61,"caption":"Janette Laxen art"},"image":{"@id":"https:\/\/www.janettelaxen.fi\/Tilaa%20muotokuva%20itselle%20tai%20lahjaksi\/#\/schema\/logo\/image\/"},"sameAs":["https:\/\/m.facebook.com\/JanetteLaxen\/?ref=bookmarks","https:\/\/www.instagram.com\/janettelaxen.art\/"]}]}},"_links":{"self":[{"href":"https:\/\/www.janettelaxen.fi\/Tilaa%20muotokuva%20itselle%20tai%20lahjaksi\/index.php?rest_route=\/wp\/v2\/pages\/912","targetHints":{"allow":["GET"]}}],"collection":[{"href":"https:\/\/www.janettelaxen.fi\/Tilaa%20muotokuva%20itselle%20tai%20lahjaksi\/index.php?rest_route=\/wp\/v2\/pages"}],"about":[{"href":"https:\/\/www.janettelaxen.fi\/Tilaa%20muotokuva%20itselle%20tai%20lahjaksi\/index.php?rest_route=\/wp\/v2\/types\/page"}],"author":[{"embeddable":true,"href":"https:\/\/www.janettelaxen.fi\/Tilaa%20muotokuva%20itselle%20tai%20lahjaksi\/index.php?rest_route=\/wp\/v2\/users\/1"}],"replies":[{"embeddable":true,"href":"https:\/\/www.janettelaxen.fi\/Tilaa%20muotokuva%20itselle%20tai%20lahjaksi\/index.php?rest_route=%2Fwp%2Fv2%2Fcomments&post=912"}],"version-history":[{"count":18,"href":"https:\/\/www.janettelaxen.fi\/Tilaa%20muotokuva%20itselle%20tai%20lahjaksi\/index.php?rest_route=\/wp\/v2\/pages\/912\/revisions"}],"predecessor-version":[{"id":1445,"href":"https:\/\/www.janettelaxen.fi\/Tilaa%20muotokuva%20itselle%20tai%20lahjaksi\/index.php?rest_route=\/wp\/v2\/pages\/912\/revisions\/1445"}],"wp:attachment":[{"href":"https:\/\/www.janettelaxen.fi\/Tilaa%20muotokuva%20itselle%20tai%20lahjaksi\/index.php?rest_route=%2Fwp%2Fv2%2Fmedia&parent=912"}],"curies":[{"name":"wp","href":"https:\/\/api.w.org\/{rel}","templated":true}]}}